{"id":5167,"date":"2022-06-23T16:18:18","date_gmt":"2022-06-23T14:18:18","guid":{"rendered":"https:\/\/motridal.com\/metallspiralen\/services\/"},"modified":"2022-11-11T17:29:38","modified_gmt":"2022-11-11T16:29:38","slug":"service","status":"publish","type":"page","link":"https:\/\/www.motridal.com\/de\/metallspiralen\/service\/","title":{"rendered":"Services"},"content":{"rendered":"\t\t<div data-elementor-type=\"wp-page\" data-elementor-id=\"5167\" class=\"elementor elementor-5167 elementor-29\" data-elementor-post-type=\"page\">\n\t\t\t\t\t\t\t\t\t<section class=\"elementor-section elementor-top-section elementor-element elementor-element-a7c8b3b elementor-section-full_width elementor-section-height-min-height elementor-section-items-stretch elementor-section-content-middle elementor-reverse-tablet elementor-reverse-mobile elementor-section-height-default\" data-id=\"a7c8b3b\" data-element_type=\"section\" data-settings=\"{&quot;background_background&quot;:&quot;classic&quot;,&quot;background_motion_fx_motion_fx_scrolling&quot;:&quot;yes&quot;,&quot;background_motion_fx_translateX_effect&quot;:&quot;yes&quot;,&quot;background_motion_fx_translateX_speed&quot;:{&quot;unit&quot;:&quot;px&quot;,&quot;size&quot;:2,&quot;sizes&quot;:[]},&quot;background_motion_fx_translateX_affectedRange&quot;:{&quot;unit&quot;:&quot;%&quot;,&quot;size&quot;:&quot;&quot;,&quot;sizes&quot;:{&quot;start&quot;:0,&quot;end&quot;:100}},&quot;background_motion_fx_devices&quot;:[&quot;desktop&quot;,&quot;tablet&quot;,&quot;mobile&quot;]}\">\n\t\t\t\t\t\t<div class=\"elementor-container elementor-column-gap-default\">\n\t\t\t\t\t<div class=\"elementor-column elementor-col-50 elementor-top-column elementor-element elementor-element-af39ad0\" data-id=\"af39ad0\" data-element_type=\"column\" data-settings=\"{&quot;background_background&quot;:&quot;classic&quot;}\">\n\t\t\t<div class=\"elementor-widget-wrap elementor-element-populated\">\n\t\t\t\t\t<div class=\"elementor-background-overlay\"><\/div>\n\t\t\t\t\t\t\t\t<div class=\"elementor-element elementor-element-726f78f elementor-widget elementor-widget-heading\" data-id=\"726f78f\" data-element_type=\"widget\" data-widget_type=\"heading.default\">\n\t\t\t\t<div class=\"elementor-widget-container\">\n\t\t\t<style>\/*! elementor - v3.17.0 - 08-11-2023 *\/\n.elementor-heading-title{padding:0;margin:0;line-height:1}.elementor-widget-heading .elementor-heading-title[class*=elementor-size-]>a{color:inherit;font-size:inherit;line-height:inherit}.elementor-widget-heading .elementor-heading-title.elementor-size-small{font-size:15px}.elementor-widget-heading .elementor-heading-title.elementor-size-medium{font-size:19px}.elementor-widget-heading .elementor-heading-title.elementor-size-large{font-size:29px}.elementor-widget-heading .elementor-heading-title.elementor-size-xl{font-size:39px}.elementor-widget-heading .elementor-heading-title.elementor-size-xxl{font-size:59px}<\/style><h1 class=\"elementor-heading-title elementor-size-default\">Services<\/h1>\t\t<\/div>\n\t\t\t\t<\/div>\n\t\t\t\t<div class=\"elementor-element elementor-element-59553d0 elementor-widget elementor-widget-text-editor\" data-id=\"59553d0\" data-element_type=\"widget\" data-widget_type=\"text-editor.default\">\n\t\t\t\t<div class=\"elementor-widget-container\">\n\t\t\t<style>\/*! elementor - v3.17.0 - 08-11-2023 *\/\n.elementor-widget-text-editor.elementor-drop-cap-view-stacked .elementor-drop-cap{background-color:#69727d;color:#fff}.elementor-widget-text-editor.elementor-drop-cap-view-framed .elementor-drop-cap{color:#69727d;border:3px solid;background-color:transparent}.elementor-widget-text-editor:not(.elementor-drop-cap-view-default) .elementor-drop-cap{margin-top:8px}.elementor-widget-text-editor:not(.elementor-drop-cap-view-default) .elementor-drop-cap-letter{width:1em;height:1em}.elementor-widget-text-editor .elementor-drop-cap{float:left;text-align:center;line-height:1;font-size:50px}.elementor-widget-text-editor .elementor-drop-cap-letter{display:inline-block}<\/style>\t\t\t\t<p><strong>Motridal<\/strong> bietet seinen Kunden Beratung und Dienstleistungen f\u00fcr die Herstellung und Wartung von Metallspiralen an<\/p>\n\t\t\t\t\t\t<\/div>\n\t\t\t\t<\/div>\n\t\t\t\t<div class=\"elementor-element elementor-element-2344ce1 elementor-widget elementor-widget-button\" data-id=\"2344ce1\" data-element_type=\"widget\" data-widget_type=\"button.default\">\n\t\t\t\t<div class=\"elementor-widget-container\">\n\t\t\t\t\t<div class=\"elementor-button-wrapper\">\n\t\t\t<a class=\"elementor-button elementor-button-link elementor-size-sm\" href=\"#scopri\">\n\t\t\t\t\t\t<span class=\"elementor-button-content-wrapper\">\n\t\t\t\t\t\t<span class=\"elementor-button-icon elementor-align-icon-right\">\n\t\t\t\t<i aria-hidden=\"true\" class=\"fas fa-arrow-down\"><\/i>\t\t\t<\/span>\n\t\t\t\t\t\t<span class=\"elementor-button-text\">Finde mehr heraus<\/span>\n\t\t<\/span>\n\t\t\t\t\t<\/a>\n\t\t<\/div>\n\t\t\t\t<\/div>\n\t\t\t\t<\/div>\n\t\t\t\t\t<\/div>\n\t\t<\/div>\n\t\t\t\t<div class=\"elementor-column elementor-col-50 elementor-top-column elementor-element elementor-element-99be09c\" data-id=\"99be09c\" data-element_type=\"column\">\n\t\t\t<div class=\"elementor-widget-wrap\">\n\t\t\t\t\t\t\t\t\t<\/div>\n\t\t<\/div>\n\t\t\t\t\t\t\t<\/div>\n\t\t<\/section>\n\t\t\t\t<section class=\"elementor-section elementor-top-section elementor-element elementor-element-e0e5c09 elementor-section-full_width elementor-section-content-middle elementor-section-height-default elementor-section-height-default\" data-id=\"e0e5c09\" data-element_type=\"section\" id=\"scopri\">\n\t\t\t\t\t\t<div class=\"elementor-container elementor-column-gap-custom\">\n\t\t\t\t\t<div class=\"elementor-column elementor-col-100 elementor-top-column elementor-element elementor-element-5f204ee\" data-id=\"5f204ee\" data-element_type=\"column\">\n\t\t\t<div class=\"elementor-widget-wrap elementor-element-populated\">\n\t\t\t\t\t\t\t\t<div class=\"elementor-element elementor-element-5e668c3 elementor-widget elementor-widget-text-editor\" data-id=\"5e668c3\" data-element_type=\"widget\" data-widget_type=\"text-editor.default\">\n\t\t\t\t<div class=\"elementor-widget-container\">\n\t\t\t\t\t\t\t<p>Das Schl\u00fcsselelement unserer T\u00e4tigkeit besteht darin, Antworten auf die vielf\u00e4ltigen Problemstellun-gen der Kunden zu finden. Deswegen legen wir gr\u00f6\u00dften Wert darauf, die Produktionsprozesse zu verbessern, auch im Hinblick darauf, die Rohstoffe und unsere Ressourcen bestens zu nutzen.<\/p>\n<p>Ausschlaggebend f\u00fcr das Erreichen dieser Ziele ist die Auswahl unserer Lieferanten und in Folge die laufende Kontrolle ihrer Produkte und Leistungen. Dabei ist die enge Zusammenarbeit mit unseren Kunden von gro\u00dfer Bedeutung, da die kleinste Unzufriedenheit unverz\u00fcglich analysiert und diskutiert wird, um die Ursachen schnellstm\u00f6glich zu erkennen und auszuschalten.<\/p>\n<p>Unsere Lagerbest\u00e4nde werden st\u00e4ndig \u00fcberwacht und neu best\u00fcckt, damit eine kurze Produktions-zeit gew\u00e4hrt werden kann. F\u00fcr z\u00fcgige Nachlieferungen an Material verlassen wir uns auf erfahrene Spediteure.<\/p>\n\t\t\t\t\t\t<\/div>\n\t\t\t\t<\/div>\n\t\t\t\t<div class=\"elementor-element elementor-element-a7166a3 elementor-widget elementor-widget-heading\" data-id=\"a7166a3\" data-element_type=\"widget\" data-widget_type=\"heading.default\">\n\t\t\t\t<div class=\"elementor-widget-container\">\n\t\t\t<h2 class=\"elementor-heading-title elementor-size-default\">Unsere Leistungen:<\/h2>\t\t<\/div>\n\t\t\t\t<\/div>\n\t\t\t\t\t<\/div>\n\t\t<\/div>\n\t\t\t\t\t\t\t<\/div>\n\t\t<\/section>\n\t\t\t\t\t\t\t<\/div>\n\t\t","protected":false},"excerpt":{"rendered":"<p>Services Motridal bietet seinen Kunden Beratung und Dienstleistungen f\u00fcr die Herstellung und Wartung von Metallspiralen an Finde mehr heraus Das Schl\u00fcsselelement unserer T\u00e4tigkeit besteht darin, Antworten auf die vielf\u00e4ltigen Problemstellun-gen der Kunden zu finden. Deswegen legen wir gr\u00f6\u00dften Wert darauf, die Produktionsprozesse zu verbessern, auch im Hinblick darauf, die Rohstoffe und unsere Ressourcen bestens zu [&hellip;]<\/p>\n","protected":false},"author":2,"featured_media":5086,"parent":5157,"menu_order":3,"comment_status":"closed","ping_status":"closed","template":"elementor_header_footer","meta":{"footnotes":""},"categorie_pagine":[],"yoast_head":"<!-- This site is optimized with the Yoast SEO plugin v21.5 - https:\/\/yoast.com\/wordpress\/plugins\/seo\/ -->\n<title>Service - MOTRIDAL Metallspiralen: Augers &amp; Flighting<\/title>\n<meta name=\"description\" content=\"Das Schl\u00fcsselelement unserer T\u00e4tigkeit besteht darin, Antworten auf die vielf\u00e4ltigen Problemstellun-gen der Kunden zu finden. Deswegen legen wir gr\u00f6\u00dften Wert darauf, die Produktionsprozesse zu verbessern, auch im Hinblick darauf, die Rohstoffe und unsere Ressourcen bestens zu nutzen.\" \/>\n<meta name=\"robots\" content=\"index, follow, max-snippet:-1, max-image-preview:large, max-video-preview:-1\" \/>\n<link rel=\"canonical\" href=\"https:\/\/www.motridal.com\/de\/metallspiralen\/service\/\" \/>\n<meta property=\"og:locale\" content=\"de_DE\" \/>\n<meta property=\"og:type\" content=\"article\" \/>\n<meta property=\"og:title\" content=\"Service - MOTRIDAL Metallspiralen: Augers &amp; Flighting\" \/>\n<meta property=\"og:description\" content=\"Das Schl\u00fcsselelement unserer T\u00e4tigkeit besteht darin, Antworten auf die vielf\u00e4ltigen Problemstellun-gen der Kunden zu finden. Deswegen legen wir gr\u00f6\u00dften Wert darauf, die Produktionsprozesse zu verbessern, auch im Hinblick darauf, die Rohstoffe und unsere Ressourcen bestens zu nutzen.\" \/>\n<meta property=\"og:url\" content=\"https:\/\/www.motridal.com\/de\/metallspiralen\/service\/\" \/>\n<meta property=\"og:site_name\" content=\"Motridal\" \/>\n<meta property=\"article:modified_time\" content=\"2022-11-11T16:29:38+00:00\" \/>\n<meta property=\"og:image\" content=\"https:\/\/www.motridal.com\/wp-content\/uploads\/2022\/07\/Servizi-Motridal.jpeg\" \/>\n\t<meta property=\"og:image:width\" content=\"1600\" \/>\n\t<meta property=\"og:image:height\" content=\"1000\" \/>\n\t<meta property=\"og:image:type\" content=\"image\/jpeg\" \/>\n<meta name=\"twitter:card\" content=\"summary_large_image\" \/>\n<script type=\"application\/ld+json\" class=\"yoast-schema-graph\">{\"@context\":\"https:\/\/schema.org\",\"@graph\":[{\"@type\":\"WebPage\",\"@id\":\"https:\/\/www.motridal.com\/de\/metallspiralen\/service\/\",\"url\":\"https:\/\/www.motridal.com\/de\/metallspiralen\/service\/\",\"name\":\"Service - MOTRIDAL Metallspiralen: Augers & Flighting\",\"isPartOf\":{\"@id\":\"https:\/\/www.motridal.com\/de\/#website\"},\"datePublished\":\"2022-06-23T14:18:18+00:00\",\"dateModified\":\"2022-11-11T16:29:38+00:00\",\"description\":\"Das Schl\u00fcsselelement unserer T\u00e4tigkeit besteht darin, Antworten auf die vielf\u00e4ltigen Problemstellun-gen der Kunden zu finden. Deswegen legen wir gr\u00f6\u00dften Wert darauf, die Produktionsprozesse zu verbessern, auch im Hinblick darauf, die Rohstoffe und unsere Ressourcen bestens zu nutzen.\",\"breadcrumb\":{\"@id\":\"https:\/\/www.motridal.com\/de\/metallspiralen\/service\/#breadcrumb\"},\"inLanguage\":\"de\",\"potentialAction\":[{\"@type\":\"ReadAction\",\"target\":[\"https:\/\/www.motridal.com\/de\/metallspiralen\/service\/\"]}]},{\"@type\":\"BreadcrumbList\",\"@id\":\"https:\/\/www.motridal.com\/de\/metallspiralen\/service\/#breadcrumb\",\"itemListElement\":[{\"@type\":\"ListItem\",\"position\":1,\"name\":\"Home\",\"item\":\"https:\/\/www.motridal.com\/de\/\"},{\"@type\":\"ListItem\",\"position\":2,\"name\":\"Schneckenwellen\",\"item\":\"https:\/\/www.motridal.com\/de\/spirali-metalliche\/\"},{\"@type\":\"ListItem\",\"position\":3,\"name\":\"Services\"}]},{\"@type\":\"WebSite\",\"@id\":\"https:\/\/www.motridal.com\/de\/#website\",\"url\":\"https:\/\/www.motridal.com\/de\/\",\"name\":\"Motridal Spa\",\"description\":\"\",\"publisher\":{\"@id\":\"https:\/\/www.motridal.com\/de\/#organization\"},\"alternateName\":\"MOTRIDAL\",\"potentialAction\":[{\"@type\":\"SearchAction\",\"target\":{\"@type\":\"EntryPoint\",\"urlTemplate\":\"https:\/\/www.motridal.com\/de\/?s={search_term_string}\"},\"query-input\":\"required name=search_term_string\"}],\"inLanguage\":\"de\"},{\"@type\":\"Organization\",\"@id\":\"https:\/\/www.motridal.com\/de\/#organization\",\"name\":\"Motridal Spa\",\"alternateName\":\"MOTRIDAL\",\"url\":\"https:\/\/www.motridal.com\/de\/\",\"logo\":{\"@type\":\"ImageObject\",\"inLanguage\":\"de\",\"@id\":\"https:\/\/www.motridal.com\/de\/#\/schema\/logo\/image\/\",\"url\":\"https:\/\/www.motridal.com\/wp-content\/uploads\/2022\/06\/logo-motridal-group.png\",\"contentUrl\":\"https:\/\/www.motridal.com\/wp-content\/uploads\/2022\/06\/logo-motridal-group.png\",\"width\":769,\"height\":200,\"caption\":\"Motridal Spa\"},\"image\":{\"@id\":\"https:\/\/www.motridal.com\/de\/#\/schema\/logo\/image\/\"}}]}<\/script>\n<!-- \/ Yoast SEO plugin. -->","yoast_head_json":{"title":"Service - MOTRIDAL Metallspiralen: Augers & Flighting","description":"Das Schl\u00fcsselelement unserer T\u00e4tigkeit besteht darin, Antworten auf die vielf\u00e4ltigen Problemstellun-gen der Kunden zu finden. Deswegen legen wir gr\u00f6\u00dften Wert darauf, die Produktionsprozesse zu verbessern, auch im Hinblick darauf, die Rohstoffe und unsere Ressourcen bestens zu nutzen.","robots":{"index":"index","follow":"follow","max-snippet":"max-snippet:-1","max-image-preview":"max-image-preview:large","max-video-preview":"max-video-preview:-1"},"canonical":"https:\/\/www.motridal.com\/de\/metallspiralen\/service\/","og_locale":"de_DE","og_type":"article","og_title":"Service - MOTRIDAL Metallspiralen: Augers & Flighting","og_description":"Das Schl\u00fcsselelement unserer T\u00e4tigkeit besteht darin, Antworten auf die vielf\u00e4ltigen Problemstellun-gen der Kunden zu finden. Deswegen legen wir gr\u00f6\u00dften Wert darauf, die Produktionsprozesse zu verbessern, auch im Hinblick darauf, die Rohstoffe und unsere Ressourcen bestens zu nutzen.","og_url":"https:\/\/www.motridal.com\/de\/metallspiralen\/service\/","og_site_name":"Motridal","article_modified_time":"2022-11-11T16:29:38+00:00","og_image":[{"width":1600,"height":1000,"url":"https:\/\/www.motridal.com\/wp-content\/uploads\/2022\/07\/Servizi-Motridal.jpeg","type":"image\/jpeg"}],"twitter_card":"summary_large_image","schema":{"@context":"https:\/\/schema.org","@graph":[{"@type":"WebPage","@id":"https:\/\/www.motridal.com\/de\/metallspiralen\/service\/","url":"https:\/\/www.motridal.com\/de\/metallspiralen\/service\/","name":"Service - MOTRIDAL Metallspiralen: Augers & Flighting","isPartOf":{"@id":"https:\/\/www.motridal.com\/de\/#website"},"datePublished":"2022-06-23T14:18:18+00:00","dateModified":"2022-11-11T16:29:38+00:00","description":"Das Schl\u00fcsselelement unserer T\u00e4tigkeit besteht darin, Antworten auf die vielf\u00e4ltigen Problemstellun-gen der Kunden zu finden. Deswegen legen wir gr\u00f6\u00dften Wert darauf, die Produktionsprozesse zu verbessern, auch im Hinblick darauf, die Rohstoffe und unsere Ressourcen bestens zu nutzen.","breadcrumb":{"@id":"https:\/\/www.motridal.com\/de\/metallspiralen\/service\/#breadcrumb"},"inLanguage":"de","potentialAction":[{"@type":"ReadAction","target":["https:\/\/www.motridal.com\/de\/metallspiralen\/service\/"]}]},{"@type":"BreadcrumbList","@id":"https:\/\/www.motridal.com\/de\/metallspiralen\/service\/#breadcrumb","itemListElement":[{"@type":"ListItem","position":1,"name":"Home","item":"https:\/\/www.motridal.com\/de\/"},{"@type":"ListItem","position":2,"name":"Schneckenwellen","item":"https:\/\/www.motridal.com\/de\/spirali-metalliche\/"},{"@type":"ListItem","position":3,"name":"Services"}]},{"@type":"WebSite","@id":"https:\/\/www.motridal.com\/de\/#website","url":"https:\/\/www.motridal.com\/de\/","name":"Motridal Spa","description":"","publisher":{"@id":"https:\/\/www.motridal.com\/de\/#organization"},"alternateName":"MOTRIDAL","potentialAction":[{"@type":"SearchAction","target":{"@type":"EntryPoint","urlTemplate":"https:\/\/www.motridal.com\/de\/?s={search_term_string}"},"query-input":"required name=search_term_string"}],"inLanguage":"de"},{"@type":"Organization","@id":"https:\/\/www.motridal.com\/de\/#organization","name":"Motridal Spa","alternateName":"MOTRIDAL","url":"https:\/\/www.motridal.com\/de\/","logo":{"@type":"ImageObject","inLanguage":"de","@id":"https:\/\/www.motridal.com\/de\/#\/schema\/logo\/image\/","url":"https:\/\/www.motridal.com\/wp-content\/uploads\/2022\/06\/logo-motridal-group.png","contentUrl":"https:\/\/www.motridal.com\/wp-content\/uploads\/2022\/06\/logo-motridal-group.png","width":769,"height":200,"caption":"Motridal Spa"},"image":{"@id":"https:\/\/www.motridal.com\/de\/#\/schema\/logo\/image\/"}}]}},"_links":{"self":[{"href":"https:\/\/www.motridal.com\/de\/wp-json\/wp\/v2\/pages\/5167"}],"collection":[{"href":"https:\/\/www.motridal.com\/de\/wp-json\/wp\/v2\/pages"}],"about":[{"href":"https:\/\/www.motridal.com\/de\/wp-json\/wp\/v2\/types\/page"}],"author":[{"embeddable":true,"href":"https:\/\/www.motridal.com\/de\/wp-json\/wp\/v2\/users\/2"}],"replies":[{"embeddable":true,"href":"https:\/\/www.motridal.com\/de\/wp-json\/wp\/v2\/comments?post=5167"}],"version-history":[{"count":0,"href":"https:\/\/www.motridal.com\/de\/wp-json\/wp\/v2\/pages\/5167\/revisions"}],"up":[{"embeddable":true,"href":"https:\/\/www.motridal.com\/de\/wp-json\/wp\/v2\/pages\/5157"}],"wp:featuredmedia":[{"embeddable":true,"href":"https:\/\/www.motridal.com\/de\/wp-json\/wp\/v2\/media\/5086"}],"wp:attachment":[{"href":"https:\/\/www.motridal.com\/de\/wp-json\/wp\/v2\/media?parent=5167"}],"wp:term":[{"taxonomy":"categorie_pagine","embeddable":true,"href":"https:\/\/www.motridal.com\/de\/wp-json\/wp\/v2\/categorie_pagine?post=5167"}],"curies":[{"name":"wp","href":"https:\/\/api.w.org\/{rel}","templated":true}]}}