{"id":5291,"date":"2022-11-14T14:45:59","date_gmt":"2022-11-14T13:45:59","guid":{"rendered":"https:\/\/motridal.com\/metal-spirals\/privacy-policy\/"},"modified":"2023-05-02T10:07:01","modified_gmt":"2023-05-02T08:07:01","slug":"privacy-policy","status":"publish","type":"page","link":"https:\/\/www.motridal.com\/en\/privacy-policy\/","title":{"rendered":"Privacy Policy"},"content":{"rendered":"\t\t<div data-elementor-type=\"wp-page\" data-elementor-id=\"5291\" class=\"elementor elementor-5291 elementor-5249\" data-elementor-post-type=\"page\">\n\t\t\t\t\t\t\t\t\t<section class=\"elementor-section elementor-top-section elementor-element elementor-element-47060ee elementor-section-boxed elementor-section-height-default elementor-section-height-default\" data-id=\"47060ee\" data-element_type=\"section\">\n\t\t\t\t\t\t<div class=\"elementor-container elementor-column-gap-default\">\n\t\t\t\t\t<div class=\"elementor-column elementor-col-100 elementor-top-column elementor-element elementor-element-677148d\" data-id=\"677148d\" data-element_type=\"column\">\n\t\t\t<div class=\"elementor-widget-wrap elementor-element-populated\">\n\t\t\t\t\t\t\t\t<div class=\"elementor-element elementor-element-dbb6a2e elementor-widget elementor-widget-text-editor\" data-id=\"dbb6a2e\" data-element_type=\"widget\" data-widget_type=\"text-editor.default\">\n\t\t\t\t<div class=\"elementor-widget-container\">\n\t\t\t<style>\/*! elementor - v3.17.0 - 08-11-2023 *\/\n.elementor-widget-text-editor.elementor-drop-cap-view-stacked .elementor-drop-cap{background-color:#69727d;color:#fff}.elementor-widget-text-editor.elementor-drop-cap-view-framed .elementor-drop-cap{color:#69727d;border:3px solid;background-color:transparent}.elementor-widget-text-editor:not(.elementor-drop-cap-view-default) .elementor-drop-cap{margin-top:8px}.elementor-widget-text-editor:not(.elementor-drop-cap-view-default) .elementor-drop-cap-letter{width:1em;height:1em}.elementor-widget-text-editor .elementor-drop-cap{float:left;text-align:center;line-height:1;font-size:50px}.elementor-widget-text-editor .elementor-drop-cap-letter{display:inline-block}<\/style>\t\t\t\t<h1><strong>Privacy Policy<\/strong><\/h1>\n<p><strong>Informazioni fornite ai sensi dell\u2019Art.13 del Reg.UE 2016\/679 (di seguito GDPR) e dell\u2019Art.13 del D.Lgs.196\/2003 \u201cCodice in materia di protezione dei dati personali\u201d (di seguito Codice)<\/strong><\/p>\n<p><strong>1) INFORMAZIONI DI CARATTERE GENERALE<\/strong><\/p>\n<p>Si informano gli interessati dei seguenti profili generali, validi per tutti gli ambiti del trattamento:<\/p>\n<ul>\n<li>tutti i dati dei soggetti con cui ci interfacciamo sono trattati in modo lecito, corretto e trasparente, nel rispetto dei principi generali previsti dall\u2019Art.5 del GDPR e dell\u2019Art.11 del Codice;<\/li>\n<li>specifiche misure di sicurezza sono osservate per prevenire la perdita dei dati, usi illeciti, o non corretti ed accessi non autorizzati, ai sensi dell\u2019Art.32 del GDPR e Art. 31 del Codice.<\/li>\n<\/ul>\n<p><strong>Riferimenti e diritti degli interessati<\/strong><\/p>\n<ul>\n<li>il Titolare del Trattamento \u00e8 la scrivente Organizzazione, in persona del legale rappresentante pro-tempore, alla quale \u00e8 possibile rivolgersi per esercitare tutti i <u>diritti previsti dagli art.15-21 del GDPR e dall\u2019Art.7 del Codice (diritto di accesso, di rettifica, di cancellazione, di limitazione, di portabilit\u00e0, di opposizione)<\/u>, nonch\u00e9 revocare un consenso precedentemente accordato; in caso di mancato riscontro alle loro richieste gli interessati possono proporre un reclamo all\u2019Autorit\u00e0 di controllo per la protezione dei dati personali (GDPR \u2013 Art.13, comma2, lettera d).<\/li>\n<\/ul>\n<p><strong>2) TRATTAMENTO DATI CONNESSI AL FUNZIONAMENTO DEL PRESENTE SITO<\/strong><\/p>\n<p><strong>Dati di navigazione<\/strong><\/p>\n<p>I sistemi informatici e le procedure software preposte al funzionamento di questo sito web acquisiscono, nel corso del loro normale esercizio, alcuni dati personali la cui trasmissione \u00e8 implicita nell\u2019uso dei protocolli di comunicazione di Internet. Si tratta di informazioni che non sono raccolte per essere associate a interessati identificati, ma che per loro stessa natura potrebbero, attraverso elaborazioni ed associazioni con dati detenuti da terzi, permettere di identificare gli utenti. In questa categoria di dati rientrano gli indirizzi IP o i nomi a dominio dei computer utilizzati dagli utenti che si connettono al sito, gli indirizzi in notazione URI (Uniform Resource Identifier) delle risorse richieste, l\u2019orario della richiesta, il metodo utilizzato nel sottoporre la richiesta al server, la dimensione del file ottenuto in risposta, il codice numerico indicante lo stato della risposta data dal server (buon fine, errore, ecc.) ed altri parametri relativi al sistema operativo e all\u2019ambiente informatico dell\u2019utente.<\/p>\n<table>\n<tbody>\n<tr>\n<td width=\"236\">\n<p><strong>Finalit\u00e0 e base giuridica del trattamento<\/strong><\/p>\n<p>(GDPR-Art.13, comma 1, lett.c)<\/p>\n<\/td>\n<td width=\"408\">Questi dati vengono utilizzati al solo fine di ricavare informazioni statistiche sull\u2019uso del sito e per controllarne il corretto funzionamento. I dati potrebbero inoltre essere utilizzati per l\u2019accertamento di responsabilit\u00e0 in caso di ipotetici reati informatici ai danni del sito (legittimi interessi del titolare).<\/td>\n<\/tr>\n<tr>\n<td width=\"236\">\n<p><strong>Ambito di comunicazione<\/strong><\/p>\n<p>(GDPR-Art.13, comma 1, lett.e,f)<\/p>\n<\/td>\n<td width=\"408\">I dati possono essere trattati esclusivamente da personale interno, regolarmente autorizzato ed istruito al trattamento (GDPR-Art.29) oppure da eventuali soggetti preposti alla manutenzione della piattaforma web (nominati in tal caso responsabili esterni) e non saranno comunicati ad altri soggetti, diffusi o trasferiti in paesi extra-UE. Solamente in caso di indagine potranno essere messi a disposizione delle autorit\u00e0 competenti.<\/td>\n<\/tr>\n<tr>\n<td width=\"236\">\n<p><strong>Periodo di conservazione dei dati<\/strong><\/p>\n<p>(GDPR-Art.13, comma 2, lett.a)<\/p>\n<\/td>\n<td width=\"408\">I dati sono di norma conservati per brevi periodi di tempo, ad eccezione di eventuali prolungamenti connessi ad attivit\u00e0 di indagine.<\/td>\n<\/tr>\n<tr>\n<td width=\"236\">\n<p><strong>Conferimento<\/strong><\/p>\n<p>(GDPR-Art.13, comma 2, lett.f)<\/p>\n<\/td>\n<td width=\"408\">I dati non sono conferiti dall\u2019interessato ma acquisiti automaticamente dai sistemi tecnologici del sito.<\/td>\n<\/tr>\n<\/tbody>\n<\/table>\n<p><strong>Cookies<\/strong><\/p>\n<p>Per informazioni specifiche sull\u2019utilizzo dei cookies consulta la specifica policy:<\/p>\n<p><a href=\"http:\/\/www.motridal.com\/cookie-policy\/\">http:\/\/www.motridal.com\/cookie-policy\/<\/a><\/p>\n<p><strong>Servizi specifici<\/strong><\/p>\n<p>Il sito potrebbe contenere form di raccolta dati finalizzati a garantire al navigatore eventuali servizi\/funzionalit\u00e0 (es: richiedi informazioni, registrazioni, ecc.).<\/p>\n<table>\n<tbody>\n<tr>\n<td width=\"236\">\n<p><strong>Finalit\u00e0 e base giuridica del trattamento<\/strong><\/p>\n<p>(GDPR-Art.13, comma 1, lett.c)<\/p>\n<\/td>\n<td width=\"408\">Vengono richiesti i dati identificativi e di contatto necessari per poter rispondere alle richieste degli interessati. L\u2019invio della richiesta \u00e8 subordinata specifico, libero ed informato consenso (GDPR-Art.6, comma1, lett.a)<\/td>\n<\/tr>\n<tr>\n<td width=\"236\">\n<p><strong>Ambito di comunicazione<\/strong><\/p>\n<p>(GDPR-Art.13, comma 1, lett.e,f)<\/p>\n<\/td>\n<td width=\"408\">I dati sono trattati esclusivamente da personale regolarmente autorizzato ed istruito al trattamento (GDPR-Art.29) oppure da eventuali soggetti preposti alla manutenzione della piattaforma web o all\u2019erogazione del servizio (nominati in tal caso responsabili esterni).I dati non saranno diffusi o trasferiti in paesi extra-UE.<\/td>\n<\/tr>\n<tr>\n<td width=\"236\">\n<p><strong>Periodo di conservazione dei dati<\/strong><\/p>\n<p>(GDPR-Art.13, comma 2, lett.a)<\/p>\n<\/td>\n<td width=\"408\">I dati sono conservati per tempi compatibili con la finalit\u00e0 della raccolta<\/td>\n<\/tr>\n<tr>\n<td width=\"236\">\n<p><strong>Conferimento<\/strong><\/p>\n<p>(GDPR-Art.13, comma 2, lett.f)<\/p>\n<\/td>\n<td width=\"408\">Il conferimento dei dati riferiti ai campi obbligatori \u00e8 necessario per poter ottenere una risposta, mentre i campi facoltativi sono finalizzati a fornire allo staff ulteriori elementi utili ad agevolare il contatto.<\/td>\n<\/tr>\n<\/tbody>\n<\/table>\n<p><strong>Dati forniti volontariamente dall\u2019utente<\/strong><\/p>\n<p>L\u2019invio facoltativo, esplicito e volontario di posta elettronica e\/o ordinaria agli indirizzi indicati su questo sito comporta la successiva acquisizione dell\u2019indirizzo del mittente, necessario per rispondere alle richieste, nonch\u00e9 degli eventuali altri dati personali inseriti nella missiva. Qualora il mittente inviasse il proprio curriculum per sottoporre la propria candidatura professionale, esso rimane l\u2019unico responsabile della pertinenza ed esattezza dei dati inviati. Si segnala che eventuali curriculum sprovvisti dell\u2019autorizzazione al trattamento dei dati saranno immediatamente cancellati.<\/p>\n<p><strong> <\/strong><\/p>\n<p><strong>3) TRATTAMENTO DATI CONNESSI AI RAPPORTI INSTAURATI CON CLIENTI E FORNITORI<\/strong><\/p>\n<p><strong>3.1 Oggetto del trattamento<\/strong><\/p>\n<p>L\u2019organizzazione tratta dati personali identificativi di clienti\/fornitori (ad esempio, nome, cognome, ragione sociale, dati anagrafici\/fiscali, indirizzo, telefono, e-mail, riferimenti bancari e di pagamento) e di loro referenti operativi (nome cognome e dati di contatto) acquisiti ed utilizzati nell\u2019ambito dell\u2019erogazione dei servizi forniti.<\/p>\n<p><strong>3.2 Finalit\u00e0 e base giuridica del trattamento<\/strong><\/p>\n<p>I dati sono trattati per:<\/p>\n<ul>\n<li>concludere rapporti contrattuali\/professionali;<\/li>\n<li>adempiere agli obblighi precontrattuali, contrattuali e fiscali derivanti dai rapporti in essere, nonch\u00e9 gestire le necessarie comunicazioni ad essi connessi;<\/li>\n<li>adempiere agli obblighi previsti dalla legge, da un regolamento, dalla normativa comunitaria o da un ordine dell\u2019Autorit\u00e0<\/li>\n<li>esercitare un legittimo interesse nonch\u00e9 un diritto del Titolare (ad esempio: il diritto di difesa in sede giudiziaria, la tutela delle posizioni creditorie; le ordinarie esigenze interne di tipo operativo, gestionale e contabile).<\/li>\n<\/ul>\n<p>Il mancato conferimento dei suddetti dati render\u00e0 impossibile l\u2019instaurazione del rapporto con il Titolare. Le suddette finalit\u00e0 rappresentano, ai sensi dell\u2019Art.6, commi b,c,f, idonee basi giuridiche di liceit\u00e0 del trattamento. Qualora si intendesse effettuare trattamenti per finalit\u00e0 diverse verr\u00e0 richiesto un apposito consenso agli interessati.<\/p>\n<p><strong>3.3 Modalit\u00e0 del trattamento<\/strong><\/p>\n<p>Il trattamento dei dati personali \u00e8 realizzato per mezzo delle operazioni indicate all\u2019Art. 4 n. 2) GDPR e precisamente: raccolta, registrazione, organizzazione, conservazione, consultazione, elaborazione, modificazione, selezione, estrazione, raffronto, utilizzo, interconnessione, blocco, comunicazione, cancellazione e distruzione dei dati. I dati personali sono sottoposti a trattamento sia cartaceo che elettronico e\/o automatizzato. Il Titolare tratter\u00e0 i dati personali per il tempo necessario per adempiere alle finalit\u00e0 per cui sono stati raccolti e relativi obblighi di legge.<\/p>\n<p><strong>3.4 Ambito del trattamento<\/strong><\/p>\n<p>I dati sono trattati da soggetti interni regolarmente autorizzati ed istruiti ai sensi dell\u2019Art.29 del GDPR. \u00c8 possibile richiedere inoltre l\u2019ambito di comunicazione dei dati personali, ottenendo precise indicazioni su eventuali soggetti esterni che operano in qualit\u00e0 di Responsabili o Titolari autonomi del trattamento (consulenti, tecnici, istituti bancari, trasportatori, ecc.).<\/p>\n<p><strong>4) AGGIORNAMENTO DELLA POLICY<\/strong><\/p>\n<p>Si segnala che la presente informativa pu\u00f2 essere oggetto di revisione periodica, anche in relazione alla normativa ed alla giurisprudenza di riferimento. In caso di variazioni significative verr\u00e0 data, per un tempo congruo, opportuna evidenza in home-page del sito. Si invita comunque l\u2019interessato a consultare periodicamente la presente policy.<\/p>\n<p><strong>MO.TRI.DAL SPA<\/strong><\/p>\n\t\t\t\t\t\t<\/div>\n\t\t\t\t<\/div>\n\t\t\t\t\t<\/div>\n\t\t<\/div>\n\t\t\t\t\t\t\t<\/div>\n\t\t<\/section>\n\t\t\t\t\t\t\t<\/div>\n\t\t","protected":false},"excerpt":{"rendered":"<p>Privacy Policy Informazioni fornite ai sensi dell\u2019Art.13 del Reg.UE 2016\/679 (di seguito GDPR) e dell\u2019Art.13 del D.Lgs.196\/2003 \u201cCodice in materia di protezione dei dati personali\u201d (di seguito Codice) 1) INFORMAZIONI DI CARATTERE GENERALE Si informano gli interessati dei seguenti profili generali, validi per tutti gli ambiti del trattamento: tutti i dati dei soggetti con cui [&hellip;]<\/p>\n","protected":false},"author":3,"featured_media":0,"parent":0,"menu_order":101,"comment_status":"closed","ping_status":"closed","template":"elementor_header_footer","meta":{"footnotes":""},"categorie_pagine":[],"yoast_head":"<!-- This site is optimized with the Yoast SEO plugin v21.5 - https:\/\/yoast.com\/wordpress\/plugins\/seo\/ -->\n<title>Privacy Policy - Motridal<\/title>\n<meta name=\"robots\" content=\"index, follow, max-snippet:-1, max-image-preview:large, max-video-preview:-1\" \/>\n<link rel=\"canonical\" href=\"https:\/\/www.motridal.com\/en\/privacy-policy\/\" \/>\n<meta property=\"og:locale\" content=\"en_US\" \/>\n<meta property=\"og:type\" content=\"article\" \/>\n<meta property=\"og:title\" content=\"Privacy Policy - Motridal\" \/>\n<meta property=\"og:description\" content=\"Privacy Policy Informazioni fornite ai sensi dell\u2019Art.13 del Reg.UE 2016\/679 (di seguito GDPR) e dell\u2019Art.13 del D.Lgs.196\/2003 \u201cCodice in materia di protezione dei dati personali\u201d (di seguito Codice) 1) INFORMAZIONI DI CARATTERE GENERALE Si informano gli interessati dei seguenti profili generali, validi per tutti gli ambiti del trattamento: tutti i dati dei soggetti con cui [&hellip;]\" \/>\n<meta property=\"og:url\" content=\"https:\/\/www.motridal.com\/en\/privacy-policy\/\" \/>\n<meta property=\"og:site_name\" content=\"Motridal\" \/>\n<meta property=\"article:modified_time\" content=\"2023-05-02T08:07:01+00:00\" \/>\n<meta name=\"twitter:card\" content=\"summary_large_image\" \/>\n<script type=\"application\/ld+json\" class=\"yoast-schema-graph\">{\"@context\":\"https:\/\/schema.org\",\"@graph\":[{\"@type\":\"WebPage\",\"@id\":\"https:\/\/www.motridal.com\/en\/privacy-policy\/\",\"url\":\"https:\/\/www.motridal.com\/en\/privacy-policy\/\",\"name\":\"Privacy Policy - Motridal\",\"isPartOf\":{\"@id\":\"https:\/\/www.motridal.com\/en\/#website\"},\"datePublished\":\"2022-11-14T13:45:59+00:00\",\"dateModified\":\"2023-05-02T08:07:01+00:00\",\"breadcrumb\":{\"@id\":\"https:\/\/www.motridal.com\/en\/privacy-policy\/#breadcrumb\"},\"inLanguage\":\"en-US\",\"potentialAction\":[{\"@type\":\"ReadAction\",\"target\":[\"https:\/\/www.motridal.com\/en\/privacy-policy\/\"]}]},{\"@type\":\"BreadcrumbList\",\"@id\":\"https:\/\/www.motridal.com\/en\/privacy-policy\/#breadcrumb\",\"itemListElement\":[{\"@type\":\"ListItem\",\"position\":1,\"name\":\"Home\",\"item\":\"https:\/\/www.motridal.com\/en\/\"},{\"@type\":\"ListItem\",\"position\":2,\"name\":\"Privacy Policy\"}]},{\"@type\":\"WebSite\",\"@id\":\"https:\/\/www.motridal.com\/en\/#website\",\"url\":\"https:\/\/www.motridal.com\/en\/\",\"name\":\"Motridal Spa\",\"description\":\"\",\"publisher\":{\"@id\":\"https:\/\/www.motridal.com\/en\/#organization\"},\"alternateName\":\"MOTRIDAL\",\"potentialAction\":[{\"@type\":\"SearchAction\",\"target\":{\"@type\":\"EntryPoint\",\"urlTemplate\":\"https:\/\/www.motridal.com\/en\/?s={search_term_string}\"},\"query-input\":\"required name=search_term_string\"}],\"inLanguage\":\"en-US\"},{\"@type\":\"Organization\",\"@id\":\"https:\/\/www.motridal.com\/en\/#organization\",\"name\":\"Motridal Spa\",\"alternateName\":\"MOTRIDAL\",\"url\":\"https:\/\/www.motridal.com\/en\/\",\"logo\":{\"@type\":\"ImageObject\",\"inLanguage\":\"en-US\",\"@id\":\"https:\/\/www.motridal.com\/en\/#\/schema\/logo\/image\/\",\"url\":\"https:\/\/www.motridal.com\/wp-content\/uploads\/2022\/06\/logo-motridal-group.png\",\"contentUrl\":\"https:\/\/www.motridal.com\/wp-content\/uploads\/2022\/06\/logo-motridal-group.png\",\"width\":769,\"height\":200,\"caption\":\"Motridal Spa\"},\"image\":{\"@id\":\"https:\/\/www.motridal.com\/en\/#\/schema\/logo\/image\/\"}}]}<\/script>\n<!-- \/ Yoast SEO plugin. -->","yoast_head_json":{"title":"Privacy Policy - Motridal","robots":{"index":"index","follow":"follow","max-snippet":"max-snippet:-1","max-image-preview":"max-image-preview:large","max-video-preview":"max-video-preview:-1"},"canonical":"https:\/\/www.motridal.com\/en\/privacy-policy\/","og_locale":"en_US","og_type":"article","og_title":"Privacy Policy - Motridal","og_description":"Privacy Policy Informazioni fornite ai sensi dell\u2019Art.13 del Reg.UE 2016\/679 (di seguito GDPR) e dell\u2019Art.13 del D.Lgs.196\/2003 \u201cCodice in materia di protezione dei dati personali\u201d (di seguito Codice) 1) INFORMAZIONI DI CARATTERE GENERALE Si informano gli interessati dei seguenti profili generali, validi per tutti gli ambiti del trattamento: tutti i dati dei soggetti con cui [&hellip;]","og_url":"https:\/\/www.motridal.com\/en\/privacy-policy\/","og_site_name":"Motridal","article_modified_time":"2023-05-02T08:07:01+00:00","twitter_card":"summary_large_image","schema":{"@context":"https:\/\/schema.org","@graph":[{"@type":"WebPage","@id":"https:\/\/www.motridal.com\/en\/privacy-policy\/","url":"https:\/\/www.motridal.com\/en\/privacy-policy\/","name":"Privacy Policy - Motridal","isPartOf":{"@id":"https:\/\/www.motridal.com\/en\/#website"},"datePublished":"2022-11-14T13:45:59+00:00","dateModified":"2023-05-02T08:07:01+00:00","breadcrumb":{"@id":"https:\/\/www.motridal.com\/en\/privacy-policy\/#breadcrumb"},"inLanguage":"en-US","potentialAction":[{"@type":"ReadAction","target":["https:\/\/www.motridal.com\/en\/privacy-policy\/"]}]},{"@type":"BreadcrumbList","@id":"https:\/\/www.motridal.com\/en\/privacy-policy\/#breadcrumb","itemListElement":[{"@type":"ListItem","position":1,"name":"Home","item":"https:\/\/www.motridal.com\/en\/"},{"@type":"ListItem","position":2,"name":"Privacy Policy"}]},{"@type":"WebSite","@id":"https:\/\/www.motridal.com\/en\/#website","url":"https:\/\/www.motridal.com\/en\/","name":"Motridal Spa","description":"","publisher":{"@id":"https:\/\/www.motridal.com\/en\/#organization"},"alternateName":"MOTRIDAL","potentialAction":[{"@type":"SearchAction","target":{"@type":"EntryPoint","urlTemplate":"https:\/\/www.motridal.com\/en\/?s={search_term_string}"},"query-input":"required name=search_term_string"}],"inLanguage":"en-US"},{"@type":"Organization","@id":"https:\/\/www.motridal.com\/en\/#organization","name":"Motridal Spa","alternateName":"MOTRIDAL","url":"https:\/\/www.motridal.com\/en\/","logo":{"@type":"ImageObject","inLanguage":"en-US","@id":"https:\/\/www.motridal.com\/en\/#\/schema\/logo\/image\/","url":"https:\/\/www.motridal.com\/wp-content\/uploads\/2022\/06\/logo-motridal-group.png","contentUrl":"https:\/\/www.motridal.com\/wp-content\/uploads\/2022\/06\/logo-motridal-group.png","width":769,"height":200,"caption":"Motridal Spa"},"image":{"@id":"https:\/\/www.motridal.com\/en\/#\/schema\/logo\/image\/"}}]}},"_links":{"self":[{"href":"https:\/\/www.motridal.com\/en\/wp-json\/wp\/v2\/pages\/5291"}],"collection":[{"href":"https:\/\/www.motridal.com\/en\/wp-json\/wp\/v2\/pages"}],"about":[{"href":"https:\/\/www.motridal.com\/en\/wp-json\/wp\/v2\/types\/page"}],"author":[{"embeddable":true,"href":"https:\/\/www.motridal.com\/en\/wp-json\/wp\/v2\/users\/3"}],"replies":[{"embeddable":true,"href":"https:\/\/www.motridal.com\/en\/wp-json\/wp\/v2\/comments?post=5291"}],"version-history":[{"count":0,"href":"https:\/\/www.motridal.com\/en\/wp-json\/wp\/v2\/pages\/5291\/revisions"}],"wp:attachment":[{"href":"https:\/\/www.motridal.com\/en\/wp-json\/wp\/v2\/media?parent=5291"}],"wp:term":[{"taxonomy":"categorie_pagine","embeddable":true,"href":"https:\/\/www.motridal.com\/en\/wp-json\/wp\/v2\/categorie_pagine?post=5291"}],"curies":[{"name":"wp","href":"https:\/\/api.w.org\/{rel}","templated":true}]}}