{"id":5297,"date":"2022-11-14T14:54:36","date_gmt":"2022-11-14T13:54:36","guid":{"rendered":"https:\/\/motridal.com\/metal-spirals\/cookie-policy\/"},"modified":"2022-11-14T15:17:56","modified_gmt":"2022-11-14T14:17:56","slug":"cookie-policy","status":"publish","type":"page","link":"https:\/\/www.motridal.com\/en\/cookie-policy\/","title":{"rendered":"Cookie Policy"},"content":{"rendered":"\t\t<div data-elementor-type=\"wp-page\" data-elementor-id=\"5297\" class=\"elementor elementor-5297 elementor-5269\" data-elementor-post-type=\"page\">\n\t\t\t\t\t\t\t\t\t<section class=\"elementor-section elementor-top-section elementor-element elementor-element-c099f6b elementor-section-boxed elementor-section-height-default elementor-section-height-default\" data-id=\"c099f6b\" data-element_type=\"section\">\n\t\t\t\t\t\t<div class=\"elementor-container elementor-column-gap-default\">\n\t\t\t\t\t<div class=\"elementor-column elementor-col-100 elementor-top-column elementor-element elementor-element-189f2b1\" data-id=\"189f2b1\" data-element_type=\"column\">\n\t\t\t<div class=\"elementor-widget-wrap elementor-element-populated\">\n\t\t\t\t\t\t\t\t<div class=\"elementor-element elementor-element-fdad6fa elementor-widget elementor-widget-text-editor\" data-id=\"fdad6fa\" data-element_type=\"widget\" data-widget_type=\"text-editor.default\">\n\t\t\t\t<div class=\"elementor-widget-container\">\n\t\t\t<style>\/*! elementor - v3.17.0 - 08-11-2023 *\/\n.elementor-widget-text-editor.elementor-drop-cap-view-stacked .elementor-drop-cap{background-color:#69727d;color:#fff}.elementor-widget-text-editor.elementor-drop-cap-view-framed .elementor-drop-cap{color:#69727d;border:3px solid;background-color:transparent}.elementor-widget-text-editor:not(.elementor-drop-cap-view-default) .elementor-drop-cap{margin-top:8px}.elementor-widget-text-editor:not(.elementor-drop-cap-view-default) .elementor-drop-cap-letter{width:1em;height:1em}.elementor-widget-text-editor .elementor-drop-cap{float:left;text-align:center;line-height:1;font-size:50px}.elementor-widget-text-editor .elementor-drop-cap-letter{display:inline-block}<\/style>\t\t\t\t<h1>COOKIE POLICY<\/h1>\n<p>Questo sito web (di seguito, il \u201c<strong>Sito<\/strong>\u201d) utilizza cookies e tecnologie simili per garantire il corretto funzionamento delle procedure e migliorare l\u2019esperienza d\u2019uso delle applicazioni online. Il presente documento fornisce informazioni dettagliate sull\u2019uso dei cookies e di tecnologie similari, su come sono utilizzati da MO.TRI.DAL S.p.a. (la \u201c<strong>Societ\u00e0<\/strong>\u201d) e su come eventualmente disattivarli.<\/p>\n<p><strong>Definizioni<\/strong><\/p>\n<p>I cookies sono brevi frammenti di testo (lettere e\/o numeri) che permettono al server web di memorizzare sul client (il browser) informazioni da riutilizzare nel corso della medesima visita al sito (cookies di sessione) o in seguito, anche a distanza di giorni (cookies persistenti). I cookies vengono memorizzati, in base alle preferenze dell\u2019utente, dal singolo browser sullo specifico dispositivo utilizzato (computer, tablet, smartphone).<\/p>\n<p>Tecnologie similari, come, ad esempio, web beacon, GIF trasparenti e tutte le forme di storage locale introdotte con HTML5, sono utilizzabili per raccogliere informazioni sul comportamento dell\u2019utente e sull\u2019utilizzo dei servizi.<\/p>\n<p>Nel seguito di questo documento faremo riferimento ai cookies e a tutte le tecnologie similari utilizzando semplicemente il termine \u201ccookies\u201d.<\/p>\n<p><strong>Tipologie di cookie<\/strong><strong>s<\/strong><\/p>\n<p>In base alle caratteristiche e all\u2019utilizzo dei cookies possiamo distinguere diverse categorie.<\/p>\n<p><strong>Cookies tecnici<\/strong><\/p>\n<p>Si tratta di cookies indispensabili per navigare all\u2019interno del Sito poich\u00e9 consentono funzioni essenziali quali autenticazione, validazione, gestione di una sessione di navigazione e consentono ad esempio: di identificare se l\u2019utente ha avuto regolarmente accesso alle aree del Sito che richiedono la preventiva autenticazione oppure la validazione dell\u2019utente e la gestione delle sessioni relative ai vari servizi e applicazioni oppure la conservazione dei dati per l\u2019accesso in modalit\u00e0 sicura.<\/p>\n<p>Ai sensi dell\u2019articolo 122, comma 1, del Codice della privacy (nella formulazione vigente a seguito della entrata in vigore del d.lgs. 69\/2012) i cookies \u201ctecnici\u201d possano essere utilizzati anche in assenza del consenso dell\u2019interessato.<\/p>\n<p>Per la massima trasparenza, si elencano di seguito una serie di cookies tecnici e di casi di operativit\u00e0 specifica sul Sito: i cookies impiantati nel terminale dell\u2019utente direttamente o da domini di terze parti (che non saranno utilizzati per scopi ulteriori) come ad esempio cookies di autenticazione, cookies per contenuti multimediali tipo flash player che non superano la durata della sessione, cookies di personalizzazione (ad esempio, per la scelta della lingua di navigazione, richiamo ID e password complete con la digitazione dei primi caratteri, etc.).<\/p>\n<p><strong>In assenza di tali cookies, il Sito o alcune porzioni di esso potrebbero non funzionare correttamente.<\/strong> Pertanto, vengono sempre utilizzati e inviati, a meno che l\u2019utenza non modifichi le impostazioni nel proprio browser (inficiando cos\u00ec la visualizzazione delle pagine del Sito).<\/p>\n<p><strong>Cookies analitici<\/strong><\/p>\n<p>Sono cookies utilizzati per analizzare statisticamente gli accessi\/le visite al Sito che perseguono esclusivamente scopi statistici (e non anche di profilazione o di marketing) e raccolgono informazioni in forma aggregata senza possibilit\u00e0 di risalire all\u2019identificazione del singolo utente. Questi cookies, pur senza identificare l\u2019utente, consentono, per esempio, di rilevare se il medesimo utente torna a collegarsi in momenti diversi. Permettono inoltre di monitorare il sistema e migliorarne le prestazioni e l\u2019usabilit\u00e0. <strong>La disattivazione di tali cookies pu\u00f2 essere eseguita senza alcuna perdita di funzionalit\u00e0.<\/strong><\/p>\n<p>Questo Sito utilizza Google Analytics, un servizio di analisi del traffico web fornito da Google, Inc. (\u201cGoogle\u201d). Google Analytics utilizza i cookies per raccogliere e analizzare in forma anonima le informazioni sui comportamenti di utilizzo del sito (compreso l\u2019indirizzo IP dell\u2019utente). Tali informazioni vengono raccolte da Google Analytics, che le elabora allo scopo di redigere report riguardanti le attivit\u00e0 che si svolgono sul sito web. Questo Sito non utilizza (e non consente a terzi di utilizzare) lo strumento di analisi di Google per monitorare o per raccogliere informazioni personali di identificazione. Google non associa l\u2019indirizzo IP a nessun altro dato posseduto da Google n\u00e9 cerca di collegare un indirizzo IP con l\u2019identit\u00e0 di un utente. Google pu\u00f2 anche comunicare queste informazioni a terzi ove ci\u00f2 sia imposto dalla legge o laddove tali terzi trattino le suddette informazioni per conto di Google.<\/p>\n<p>Per ulteriori informazioni, si rinvia al link di seguito indicato: <a href=\"https:\/\/www.google.it\/policies\/privacy\/partners\/\">https:\/\/www.google.it\/policies\/privacy\/partners\/<\/a><\/p>\n<p>Per ulteriori informazioni sulla privacy di Google Analytics, si rinvia al link di seguito indicato: <a href=\"https:\/\/support.google.com\/analytics\/answer\/6004245?hl=it\">https:\/\/support.google.com\/analytics\/answer\/6004245?hl=it<\/a><\/p>\n<p>L\u2019utente pu\u00f2 disabilitare in modo selettivo l\u2019azione di Google Analytics installando sul proprio browser la componente di opt-out fornito da Google. Per disabilitare l\u2019azione di Google Analytics, si rinvia al link di seguito indicato:<\/p>\n<p><a href=\"https:\/\/tools.google.com\/dlpage\/gaoptout\">https:\/\/tools.google.com\/dlpage\/gaoptout<\/a><\/p>\n<p><strong>Cookies di profilazione<\/strong><\/p>\n<p>Si tratta di cookies permanenti utilizzati per identificare (in modo anonimo e non) le preferenze dell\u2019utente e che perseguono finalit\u00e0 di analisi dei comportamenti a fini marketing. <strong>QUESTO SITO NON UTILIZZA COOKIES DI QUESTO TIPO.<\/strong><\/p>\n<p><strong>Cookies di terze parti<\/strong><\/p>\n<p>Nel corso della navigazione sul Sito l\u2019utente potrebbe ricevere sul suo terminale anche cookies di siti o di web server diversi (c.d. cookies di \u201cterze parti\u201d): ci\u00f2 accade perch\u00e9 sul Sito possono essere presenti elementi come, ad esempio, immagini, mappe, suoni, specifici link a pagine web di altri domini che risiedono su server diversi da quello sul quale si trova la pagina richiesta. In altre parole, detti cookies sono impostati direttamente da gestori di siti web o servers diversi dal Sito.<\/p>\n<p>Questi cookies possono essere inviati al browser dell\u2019utente da societ\u00e0 terze direttamente dal loro sito web cui \u00e8 possibile accedere navigando da questo Sito. In tali casi, la Societ\u00e0 \u00e8 estranea all\u2019operativit\u00e0 di tali cookies, il cui invio rientra nella responsabilit\u00e0 di tali societ\u00e0 terze.<\/p>\n<p>Conformemente alla normativa vigente, l\u2019utente pu\u00f2 esprimere il consenso e modificare le preferenze in qualsiasi momento sull\u2019utilizzo di tali cookies mediante specifiche configurazioni del browser e di programmi informatici o di dispositivi che siano di facile e chiara utilizzabilit\u00e0 per l\u2019utente. Ha altres\u00ec la possibilit\u00e0 di disabilitare in qualsiasi momento i cookies dal browser, sebbene questa operazione potrebbe impedire all\u2019utente di utilizzare alcune parti del Sito. In ogni caso, <strong>la disabilitazione dei cookies \u201cterze parti\u201d non pregiudica in alcun modo la navigabilit\u00e0.<\/strong><\/p>\n<p>In particolare questo Sito potrebbe contenere collegamenti ad altri siti web che dispongono di una propria informativa sulla privacy \u2013 alla quale si rinvia \u2013 che pu\u00f2 essere diversa da quella adottata dalla Societ\u00e0, la quale, pertanto, <strong>non \u00e8 responsabile per siti di terze parti.<\/strong><\/p>\n<p>Proprio ai fini della trasparenza informativa richiesta ai gestori del \u201csito prima parte\u201d (cio\u00e8 di questo Sito) ove operano \u201ccookies di terze parti\u201d, si informa che su questo Sito sono operativi i seguenti cookies di terzi:<\/p>\n<p><strong>Durata dei cookie<\/strong><strong>s<\/strong><\/p>\n<p>Alcuni cookies (cookies di sessione) restano attivi solo fino alla chiusura del browser o all\u2019esecuzione del comando di logout. Altri cookies \u201csopravvivono\u201d alla chiusura del browser e sono disponibili anche in successive visite dell\u2019utente.<\/p>\n<p>Questi cookies sono detti persistenti e la loro durata \u00e8 fissata dal server al momento della loro creazione. In alcuni casi \u00e8 fissata una scadenza, in altri casi la durata \u00e8 illimitata.<\/p>\n<p>Questo Sito web utilizza sia cookies di sessione che cookies persistenti.<\/p>\n<p>Inoltre, navigando sulle pagine di questo Sito, si pu\u00f2 interagire con siti gestiti da terze parti che possono creare o modificare cookies permanenti e di profilazione.<\/p>\n<p><strong>Gestione dei cookie<\/strong><strong>s<\/strong><\/p>\n<p>L\u2019utente pu\u00f2 manifestare le proprie opzioni in merito all\u2019uso dei cookies attraverso le impostazioni del proprio browser. Modificando le impostazioni del browser, si possono accettare o rifiutare i cookies oppure decidere di ricevere un messaggio di avviso prima di accettare un cookie dal sito web visitato. I cookies, inoltre, possono essere eliminati cancellando il contenuto della cartella \u201ccookie\u201d utilizzata dal browser. Ciascun browser presenta procedure diverse per la gestione dei cookies; di seguito riportiamo il link alle istruzioni specifiche di quelli pi\u00f9 diffusi:<\/p>\n<p>Google Chrome: <a href=\"https:\/\/support.google.com\/accounts\/answer\/61416?hl=it\">https:\/\/support.google.com\/accounts\/answer\/61416?hl=it<\/a><\/p>\n<p>Mozilla Firefox: <a href=\"https:\/\/support.mozilla.org\/it\/kb\/Attivare%20e%20disattivare%20i%20cookie\">https:\/\/support.mozilla.org\/it\/kb\/Attivare%20e%20disattivare%20i%20cookie<\/a><\/p>\n<p>Internet Explorer: <a href=\"http:\/\/windows.microsoft.com\/it-it\/internet-explorer\/delete-manage-cookies%23ie=ie-11\">windows.microsoft.com\/it-it\/internet-explorer\/delete-manage-cookies#ie=ie-11<\/a><\/p>\n<p>Opera: <a href=\"http:\/\/help.opera.com\/Windows\/10.00\/it\/cookies.html\">http:\/\/help.opera.com\/Windows\/10.00\/it\/cookies.html<\/a><\/p>\n<p>Apple Safari: <a href=\"http:\/\/support.apple.com\/kb\/HT1677?viewlocale=it_IT\">http:\/\/support.apple.com\/kb\/HT1677?viewlocale=it_IT<\/a><\/p>\n<p>Si ricorda che disabilitando completamente i cookies nel browser l\u2019utente potrebbe non essere in grado di utilizzare tutte le funzionalit\u00e0 interattive.<\/p>\n<p><strong>Titolare e responsabili del trattamento<\/strong><\/p>\n<p>Il Titolare del trattamento dei dati \u00e8 la societ\u00e0:<\/p>\n<p>Denominazione MO.TRI.DAL SPA<br \/>Sede della societ\u00e0: VIA PIETRO BUBBA 17, 29122, PIACENZA<br \/>Codice fiscale e Partita IVA: IT 00101860336<br \/>Ufficio del registro delle imprese presso il quale questa \u00e8 iscritta e numero di iscrizione: PIACENZA<br \/>Numero REA: 85050<br \/>Capitale delle societ\u00e0 secondo la somma effettivamente versata e quale risulta esistente dall\u2019ultimo bilancio: \u20ac446.400,00<br \/>Tel: 0523 596 611 Fax: 0523 590 128<br \/>e-mail: <a href=\"mailto:motridal@motridal.com\">motridal@motridal.com<\/a> \u2013 PEC: <a href=\"mailto:motridal@pec.motridal.com\">motridal@pec.motridal.com<\/a><\/p>\n<p>Responsabile del trattamento dei dati MO.TRI.DAL SPAI trattamenti connessi ai servizi web di questo Sito sono effettuati esclusivamente a cura del personale incaricato dalla Societ\u00e0. I dati raccolti vengono trattati dal personale incaricato al trattamento con le modalit\u00e0 e le finalit\u00e0 indicate nelle sezioni precedenti e non saranno soggetti a diffusione.<\/p>\n<p>\u00ad\u00ad\u00ad\u00ad\u00ad\u00ad\u00ad\u00ad\u00ad\u00ad\u00ad<strong>Esercizio dei diritti da parte dell\u2019interessato<\/strong><\/p>\n<p>In ogni momento sar\u00e0 possibile \u2013 senza formalit\u00e0 alcuna \u2013 esercitare i diritti di cui all\u2019art. 7 del Codice della privacy (anche utilizzando l\u2019apposito modulo per l\u2019istanza messo a disposizione dal Garante su <a href=\"http:\/\/www.garanteprivacy.it\/\">www.garanteprivacy.it<\/a>), che per utilit\u00e0 \u00e8 riportato integralmente di seguito. L\u2019esercizio dei diritti non \u00e8 soggetto ad alcun vincolo di forma.<\/p>\n<p>TESTO ARTICOLO 7 DEL CODICE DELLA PRIVACY<\/p>\n<p><em>Art. 7<\/em><\/p>\n<p><em>(Diritto di accesso ai dati personali ed altri diritti)<\/em><\/p>\n<ol>\n<li><em>L\u2019interessato ha diritto di ottenere la conferma dell\u2019esistenza o meno di dati personali che lo riguardano, anche se non ancora registrati, e la loro comunicazione in forma intelligibile. <\/em><\/li>\n<li><em>L\u2019interessato ha diritto di ottenere l\u2019indicazione:<\/em><\/li>\n<li><em>a) dell\u2019origine dei dati personali;<\/em><\/li>\n<li><em>b) delle finalit\u00e0 e modalit\u00e0 del trattamento;<\/em><\/li>\n<li><em>c) della logica applicata in caso di trattamento effettuato con l\u2019ausilio di strumenti elettronici;<\/em><\/li>\n<li><em>d) degli estremi identificativi del titolare, dei responsabili e del rappresentante designato ai sensi dell\u2019articolo 5, comma 2;<\/em><\/li>\n<li><em>e) dei soggetti o delle categorie di soggetti ai quali i dati personali possono essere comunicati o che possono venirne a conoscenza in qualit\u00e0 di rappresentante designato nel territorio dello Stato, di responsabili o incaricati. <\/em><\/li>\n<li><em>L\u2019interessato ha diritto di ottenere:<\/em><\/li>\n<li><em>a) l\u2019aggiornamento, la rettificazione ovvero, quando vi ha interesse, l\u2019integrazione dei dati;<\/em><\/li>\n<li><em>b) la cancellazione, la trasformazione in forma anonima o il blocco dei dati trattati in violazione di legge, compresi quelli di cui non \u00e8 necessaria la conservazione in relazione agli scopi per i quali i dati sono stati raccolti o successivamente trattati;<\/em><\/li>\n<li><em>c) l\u2019attestazione che le operazioni di cui alle lettere a) e b) sono state portate a conoscenza, anche per quanto riguarda il loro contenuto, di coloro ai quali i dati sono stati comunicati o diffusi, eccettuato il caso in cui tale adempimento si rivela impossibile o comporta un impiego di mezzi manifestamente sproporzionato rispetto al diritto tutelato. <\/em><\/li>\n<li><em>L\u2019interessato ha diritto di opporsi, in tutto o in parte:<\/em><\/li>\n<li><em>a) per motivi legittimi al trattamento dei dati personali che lo riguardano, ancorch\u00e9 pertinenti allo scopo della raccolta;<\/em><\/li>\n<li><em>b) al trattamento di dati personali che lo riguardano a fini di invio di materiale pubblicitario o di vendita diretta o per il compimento di ricerche di mercato o di comunicazione commerciale.<\/em><\/li>\n<\/ol>\n<p>Per ciascuna richiesta di cui all\u2019art. 7 del D.Lgs. n. 196 del 2003, pu\u00f2 essere chiesto all\u2019interessato, ove non risulti confermata l\u2019esistenza di dati che lo riguardano, un contributo spese, non superiore ai costi effettivamente sopportati, secondo le modalit\u00e0 ed entro i limiti stabiliti dal D.Lgs. n. 196 del 2003, art. 10, commi 7, 8 e 9.<\/p>\n<p>I diritti riferiti ai dati personali concernenti persone decedute, possono essere esercitati da chiunque vi abbia interesse. Nell\u2019esercizio dei diritti di cui all\u2019art. 7, l\u2019interessato pu\u00f2 conferire, per iscritto, delega o procura a persone fisiche oppure ad associazioni.<\/p>\n<p>Per esercitare i diritti previsti dall\u2019art. 7 del D.Lgs. n. 196 del 2003 l\u2019interessato dovr\u00e0 rivolgere la propria richiesta al Titolare del trattamento all\u2019indirizzo MO.TRI.DAL SPA, VIA PIETRO BUBBA 17, 29122, PIACENZA o per via telematica al seguente indirizzo e-mail: <a href=\"mailto:motridal@motridal.com\"><strong>motridal@motridal.com<\/strong><\/a>.<\/p>\n<p>Si prega di indicare nell\u2019oggetto della comunicazione che si tratta di richiesta ex art. 7 del D.Lgs. n. 196 del 2003.<\/p>\n<p><strong>MO.TRI.DAL SPA<\/strong><\/p>\n<p>_______________________________________________________________________________<\/p>\n<p>Questa pagina \u00e8 visibile mediante link in calce in tutte le pagine del Sito ai sensi dell\u2019art. 122, secondo comma, del D.lgs. n. 196\/2003 e a seguito delle modalit\u00e0 semplificate per l\u2019informativa e l\u2019acquisizione del consenso per l\u2019uso dei cookies pubblicata sulla Gazzetta Ufficiale n. 126 del 3 giugno 2014 e relativo registro dei provvedimenti n. 229 dell\u20198 maggio 2014.<\/p>\n\t\t\t\t\t\t<\/div>\n\t\t\t\t<\/div>\n\t\t\t\t\t<\/div>\n\t\t<\/div>\n\t\t\t\t\t\t\t<\/div>\n\t\t<\/section>\n\t\t\t\t\t\t\t<\/div>\n\t\t","protected":false},"excerpt":{"rendered":"<p>COOKIE POLICY Questo sito web (di seguito, il \u201cSito\u201d) utilizza cookies e tecnologie simili per garantire il corretto funzionamento delle procedure e migliorare l\u2019esperienza d\u2019uso delle applicazioni online. Il presente documento fornisce informazioni dettagliate sull\u2019uso dei cookies e di tecnologie similari, su come sono utilizzati da MO.TRI.DAL S.p.a. (la \u201cSociet\u00e0\u201d) e su come eventualmente disattivarli. [&hellip;]<\/p>\n","protected":false},"author":3,"featured_media":0,"parent":0,"menu_order":102,"comment_status":"closed","ping_status":"closed","template":"elementor_header_footer","meta":{"footnotes":""},"categorie_pagine":[],"yoast_head":"<!-- This site is optimized with the Yoast SEO plugin v21.5 - https:\/\/yoast.com\/wordpress\/plugins\/seo\/ -->\n<title>Cookie Policy - Motridal<\/title>\n<meta name=\"robots\" content=\"noindex, follow\" \/>\n<meta property=\"og:locale\" content=\"en_US\" \/>\n<meta property=\"og:type\" content=\"article\" \/>\n<meta property=\"og:title\" content=\"Cookie Policy - Motridal\" \/>\n<meta property=\"og:description\" content=\"COOKIE POLICY Questo sito web (di seguito, il \u201cSito\u201d) utilizza cookies e tecnologie simili per garantire il corretto funzionamento delle procedure e migliorare l\u2019esperienza d\u2019uso delle applicazioni online. Il presente documento fornisce informazioni dettagliate sull\u2019uso dei cookies e di tecnologie similari, su come sono utilizzati da MO.TRI.DAL S.p.a. (la \u201cSociet\u00e0\u201d) e su come eventualmente disattivarli. [&hellip;]\" \/>\n<meta property=\"og:url\" content=\"https:\/\/www.motridal.com\/en\/cookie-policy\/\" \/>\n<meta property=\"og:site_name\" content=\"Motridal\" \/>\n<meta property=\"article:modified_time\" content=\"2022-11-14T14:17:56+00:00\" \/>\n<meta name=\"twitter:card\" content=\"summary_large_image\" \/>\n<script type=\"application\/ld+json\" class=\"yoast-schema-graph\">{\"@context\":\"https:\/\/schema.org\",\"@graph\":[{\"@type\":\"WebPage\",\"@id\":\"https:\/\/www.motridal.com\/en\/cookie-policy\/\",\"url\":\"https:\/\/www.motridal.com\/en\/cookie-policy\/\",\"name\":\"Cookie Policy - Motridal\",\"isPartOf\":{\"@id\":\"https:\/\/www.motridal.com\/en\/#website\"},\"datePublished\":\"2022-11-14T13:54:36+00:00\",\"dateModified\":\"2022-11-14T14:17:56+00:00\",\"breadcrumb\":{\"@id\":\"https:\/\/www.motridal.com\/en\/cookie-policy\/#breadcrumb\"},\"inLanguage\":\"en-US\",\"potentialAction\":[{\"@type\":\"ReadAction\",\"target\":[\"https:\/\/www.motridal.com\/en\/cookie-policy\/\"]}]},{\"@type\":\"BreadcrumbList\",\"@id\":\"https:\/\/www.motridal.com\/en\/cookie-policy\/#breadcrumb\",\"itemListElement\":[{\"@type\":\"ListItem\",\"position\":1,\"name\":\"Home\",\"item\":\"https:\/\/www.motridal.com\/en\/\"},{\"@type\":\"ListItem\",\"position\":2,\"name\":\"Cookie Policy\"}]},{\"@type\":\"WebSite\",\"@id\":\"https:\/\/www.motridal.com\/en\/#website\",\"url\":\"https:\/\/www.motridal.com\/en\/\",\"name\":\"Motridal Spa\",\"description\":\"\",\"publisher\":{\"@id\":\"https:\/\/www.motridal.com\/en\/#organization\"},\"alternateName\":\"MOTRIDAL\",\"potentialAction\":[{\"@type\":\"SearchAction\",\"target\":{\"@type\":\"EntryPoint\",\"urlTemplate\":\"https:\/\/www.motridal.com\/en\/?s={search_term_string}\"},\"query-input\":\"required name=search_term_string\"}],\"inLanguage\":\"en-US\"},{\"@type\":\"Organization\",\"@id\":\"https:\/\/www.motridal.com\/en\/#organization\",\"name\":\"Motridal Spa\",\"alternateName\":\"MOTRIDAL\",\"url\":\"https:\/\/www.motridal.com\/en\/\",\"logo\":{\"@type\":\"ImageObject\",\"inLanguage\":\"en-US\",\"@id\":\"https:\/\/www.motridal.com\/en\/#\/schema\/logo\/image\/\",\"url\":\"https:\/\/www.motridal.com\/wp-content\/uploads\/2022\/06\/logo-motridal-group.png\",\"contentUrl\":\"https:\/\/www.motridal.com\/wp-content\/uploads\/2022\/06\/logo-motridal-group.png\",\"width\":769,\"height\":200,\"caption\":\"Motridal Spa\"},\"image\":{\"@id\":\"https:\/\/www.motridal.com\/en\/#\/schema\/logo\/image\/\"}}]}<\/script>\n<!-- \/ Yoast SEO plugin. -->","yoast_head_json":{"title":"Cookie Policy - Motridal","robots":{"index":"noindex","follow":"follow"},"og_locale":"en_US","og_type":"article","og_title":"Cookie Policy - Motridal","og_description":"COOKIE POLICY Questo sito web (di seguito, il \u201cSito\u201d) utilizza cookies e tecnologie simili per garantire il corretto funzionamento delle procedure e migliorare l\u2019esperienza d\u2019uso delle applicazioni online. Il presente documento fornisce informazioni dettagliate sull\u2019uso dei cookies e di tecnologie similari, su come sono utilizzati da MO.TRI.DAL S.p.a. (la \u201cSociet\u00e0\u201d) e su come eventualmente disattivarli. [&hellip;]","og_url":"https:\/\/www.motridal.com\/en\/cookie-policy\/","og_site_name":"Motridal","article_modified_time":"2022-11-14T14:17:56+00:00","twitter_card":"summary_large_image","schema":{"@context":"https:\/\/schema.org","@graph":[{"@type":"WebPage","@id":"https:\/\/www.motridal.com\/en\/cookie-policy\/","url":"https:\/\/www.motridal.com\/en\/cookie-policy\/","name":"Cookie Policy - Motridal","isPartOf":{"@id":"https:\/\/www.motridal.com\/en\/#website"},"datePublished":"2022-11-14T13:54:36+00:00","dateModified":"2022-11-14T14:17:56+00:00","breadcrumb":{"@id":"https:\/\/www.motridal.com\/en\/cookie-policy\/#breadcrumb"},"inLanguage":"en-US","potentialAction":[{"@type":"ReadAction","target":["https:\/\/www.motridal.com\/en\/cookie-policy\/"]}]},{"@type":"BreadcrumbList","@id":"https:\/\/www.motridal.com\/en\/cookie-policy\/#breadcrumb","itemListElement":[{"@type":"ListItem","position":1,"name":"Home","item":"https:\/\/www.motridal.com\/en\/"},{"@type":"ListItem","position":2,"name":"Cookie Policy"}]},{"@type":"WebSite","@id":"https:\/\/www.motridal.com\/en\/#website","url":"https:\/\/www.motridal.com\/en\/","name":"Motridal Spa","description":"","publisher":{"@id":"https:\/\/www.motridal.com\/en\/#organization"},"alternateName":"MOTRIDAL","potentialAction":[{"@type":"SearchAction","target":{"@type":"EntryPoint","urlTemplate":"https:\/\/www.motridal.com\/en\/?s={search_term_string}"},"query-input":"required name=search_term_string"}],"inLanguage":"en-US"},{"@type":"Organization","@id":"https:\/\/www.motridal.com\/en\/#organization","name":"Motridal Spa","alternateName":"MOTRIDAL","url":"https:\/\/www.motridal.com\/en\/","logo":{"@type":"ImageObject","inLanguage":"en-US","@id":"https:\/\/www.motridal.com\/en\/#\/schema\/logo\/image\/","url":"https:\/\/www.motridal.com\/wp-content\/uploads\/2022\/06\/logo-motridal-group.png","contentUrl":"https:\/\/www.motridal.com\/wp-content\/uploads\/2022\/06\/logo-motridal-group.png","width":769,"height":200,"caption":"Motridal Spa"},"image":{"@id":"https:\/\/www.motridal.com\/en\/#\/schema\/logo\/image\/"}}]}},"_links":{"self":[{"href":"https:\/\/www.motridal.com\/en\/wp-json\/wp\/v2\/pages\/5297"}],"collection":[{"href":"https:\/\/www.motridal.com\/en\/wp-json\/wp\/v2\/pages"}],"about":[{"href":"https:\/\/www.motridal.com\/en\/wp-json\/wp\/v2\/types\/page"}],"author":[{"embeddable":true,"href":"https:\/\/www.motridal.com\/en\/wp-json\/wp\/v2\/users\/3"}],"replies":[{"embeddable":true,"href":"https:\/\/www.motridal.com\/en\/wp-json\/wp\/v2\/comments?post=5297"}],"version-history":[{"count":0,"href":"https:\/\/www.motridal.com\/en\/wp-json\/wp\/v2\/pages\/5297\/revisions"}],"wp:attachment":[{"href":"https:\/\/www.motridal.com\/en\/wp-json\/wp\/v2\/media?parent=5297"}],"wp:term":[{"taxonomy":"categorie_pagine","embeddable":true,"href":"https:\/\/www.motridal.com\/en\/wp-json\/wp\/v2\/categorie_pagine?post=5297"}],"curies":[{"name":"wp","href":"https:\/\/api.w.org\/{rel}","templated":true}]}}