{"id":4342,"date":"2022-06-23T16:18:18","date_gmt":"2022-06-23T14:18:18","guid":{"rendered":"https:\/\/motridal.com\/accueil-vis-darchimede\/services\/renovation\/"},"modified":"2022-11-22T11:39:44","modified_gmt":"2022-11-22T10:39:44","slug":"renovation","status":"publish","type":"page","link":"https:\/\/www.motridal.com\/fr\/accueil-vis-darchimede\/services\/renovation\/","title":{"rendered":"R\u00e9novation"},"content":{"rendered":"\t\t<div data-elementor-type=\"wp-page\" data-elementor-id=\"4342\" class=\"elementor elementor-4342 elementor-30\" data-elementor-post-type=\"page\">\n\t\t\t\t\t\t\t\t\t<section class=\"elementor-section elementor-top-section elementor-element elementor-element-d3b8b4a elementor-section-full_width elementor-section-height-min-height elementor-section-items-stretch elementor-section-content-middle elementor-reverse-tablet elementor-reverse-mobile elementor-section-height-default\" data-id=\"d3b8b4a\" data-element_type=\"section\" data-settings=\"{&quot;background_background&quot;:&quot;classic&quot;,&quot;background_motion_fx_motion_fx_scrolling&quot;:&quot;yes&quot;,&quot;background_motion_fx_devices&quot;:[&quot;desktop&quot;,&quot;tablet&quot;,&quot;mobile&quot;]}\">\n\t\t\t\t\t\t<div class=\"elementor-container elementor-column-gap-default\">\n\t\t\t\t\t<div class=\"elementor-column elementor-col-50 elementor-top-column elementor-element elementor-element-9f9417f\" data-id=\"9f9417f\" data-element_type=\"column\" data-settings=\"{&quot;background_background&quot;:&quot;classic&quot;}\">\n\t\t\t<div class=\"elementor-widget-wrap elementor-element-populated\">\n\t\t\t\t\t<div class=\"elementor-background-overlay\"><\/div>\n\t\t\t\t\t\t\t\t<div class=\"elementor-element elementor-element-2a7c40c elementor-widget elementor-widget-heading\" data-id=\"2a7c40c\" data-element_type=\"widget\" data-widget_type=\"heading.default\">\n\t\t\t\t<div class=\"elementor-widget-container\">\n\t\t\t<style>\/*! elementor - v3.17.0 - 08-11-2023 *\/\n.elementor-heading-title{padding:0;margin:0;line-height:1}.elementor-widget-heading .elementor-heading-title[class*=elementor-size-]>a{color:inherit;font-size:inherit;line-height:inherit}.elementor-widget-heading .elementor-heading-title.elementor-size-small{font-size:15px}.elementor-widget-heading .elementor-heading-title.elementor-size-medium{font-size:19px}.elementor-widget-heading .elementor-heading-title.elementor-size-large{font-size:29px}.elementor-widget-heading .elementor-heading-title.elementor-size-xl{font-size:39px}.elementor-widget-heading .elementor-heading-title.elementor-size-xxl{font-size:59px}<\/style><h1 class=\"elementor-heading-title elementor-size-default\">R\u00e9novation<\/h1>\t\t<\/div>\n\t\t\t\t<\/div>\n\t\t\t\t<div class=\"elementor-element elementor-element-fcaff89 elementor-widget elementor-widget-text-editor\" data-id=\"fcaff89\" data-element_type=\"widget\" data-widget_type=\"text-editor.default\">\n\t\t\t\t<div class=\"elementor-widget-container\">\n\t\t\t<style>\/*! elementor - v3.17.0 - 08-11-2023 *\/\n.elementor-widget-text-editor.elementor-drop-cap-view-stacked .elementor-drop-cap{background-color:#69727d;color:#fff}.elementor-widget-text-editor.elementor-drop-cap-view-framed .elementor-drop-cap{color:#69727d;border:3px solid;background-color:transparent}.elementor-widget-text-editor:not(.elementor-drop-cap-view-default) .elementor-drop-cap{margin-top:8px}.elementor-widget-text-editor:not(.elementor-drop-cap-view-default) .elementor-drop-cap-letter{width:1em;height:1em}.elementor-widget-text-editor .elementor-drop-cap{float:left;text-align:center;line-height:1;font-size:50px}.elementor-widget-text-editor .elementor-drop-cap-letter{display:inline-block}<\/style>\t\t\t\t<p>Avec le passage du temps, les composants m\u00e9caniques des installations industrielles perdent leur efficacit\u00e9 et ont besoin de r\u00e9novation et d\u2019entretien.<\/p>\n\t\t\t\t\t\t<\/div>\n\t\t\t\t<\/div>\n\t\t\t\t<div class=\"elementor-element elementor-element-ba091ed elementor-widget elementor-widget-button\" data-id=\"ba091ed\" data-element_type=\"widget\" data-widget_type=\"button.default\">\n\t\t\t\t<div class=\"elementor-widget-container\">\n\t\t\t\t\t<div class=\"elementor-button-wrapper\">\n\t\t\t<a class=\"elementor-button elementor-button-link elementor-size-sm\" href=\"#scopri\">\n\t\t\t\t\t\t<span class=\"elementor-button-content-wrapper\">\n\t\t\t\t\t\t<span class=\"elementor-button-icon elementor-align-icon-right\">\n\t\t\t\t<i aria-hidden=\"true\" class=\"fas fa-arrow-down\"><\/i>\t\t\t<\/span>\n\t\t\t\t\t\t<span class=\"elementor-button-text\">En savoir plus<\/span>\n\t\t<\/span>\n\t\t\t\t\t<\/a>\n\t\t<\/div>\n\t\t\t\t<\/div>\n\t\t\t\t<\/div>\n\t\t\t\t\t<\/div>\n\t\t<\/div>\n\t\t\t\t<div class=\"elementor-column elementor-col-50 elementor-top-column elementor-element elementor-element-ac4a93d elementor-hidden-tablet elementor-hidden-mobile\" data-id=\"ac4a93d\" data-element_type=\"column\">\n\t\t\t<div class=\"elementor-widget-wrap\">\n\t\t\t\t\t\t\t\t\t<\/div>\n\t\t<\/div>\n\t\t\t\t\t\t\t<\/div>\n\t\t<\/section>\n\t\t\t\t<section class=\"elementor-section elementor-top-section elementor-element elementor-element-4c25ff8 elementor-section-full_width elementor-section-content-middle elementor-section-height-default elementor-section-height-default\" data-id=\"4c25ff8\" data-element_type=\"section\" id=\"scopri\">\n\t\t\t\t\t\t<div class=\"elementor-container elementor-column-gap-no\">\n\t\t\t\t\t<div class=\"elementor-column elementor-col-33 elementor-top-column elementor-element elementor-element-7f3009b\" data-id=\"7f3009b\" data-element_type=\"column\" data-settings=\"{&quot;background_background&quot;:&quot;slideshow&quot;,&quot;background_slideshow_gallery&quot;:[{&quot;id&quot;:2029,&quot;url&quot;:&quot;https:\\\/\\\/www.motridal.com\\\/wp-content\\\/uploads\\\/2022\\\/07\\\/Revamping-det1-1.jpg&quot;},{&quot;id&quot;:2030,&quot;url&quot;:&quot;https:\\\/\\\/www.motridal.com\\\/wp-content\\\/uploads\\\/2022\\\/07\\\/Revamping-det2.jpg&quot;},{&quot;id&quot;:2031,&quot;url&quot;:&quot;https:\\\/\\\/www.motridal.com\\\/wp-content\\\/uploads\\\/2022\\\/07\\\/Revamping-det3.jpg&quot;}],&quot;background_slideshow_slide_duration&quot;:3000,&quot;background_slideshow_transition_duration&quot;:1000,&quot;background_slideshow_ken_burns&quot;:&quot;yes&quot;,&quot;background_slideshow_loop&quot;:&quot;yes&quot;,&quot;background_slideshow_slide_transition&quot;:&quot;fade&quot;,&quot;background_slideshow_ken_burns_zoom_direction&quot;:&quot;in&quot;}\">\n\t\t\t<div class=\"elementor-widget-wrap elementor-element-populated\">\n\t\t\t\t\t\t\t\t<div class=\"elementor-element elementor-element-a773152 elementor-widget elementor-widget-spacer\" data-id=\"a773152\" data-element_type=\"widget\" data-widget_type=\"spacer.default\">\n\t\t\t\t<div class=\"elementor-widget-container\">\n\t\t\t<style>\/*! elementor - v3.17.0 - 08-11-2023 *\/\n.elementor-column .elementor-spacer-inner{height:var(--spacer-size)}.e-con{--container-widget-width:100%}.e-con-inner>.elementor-widget-spacer,.e-con>.elementor-widget-spacer{width:var(--container-widget-width,var(--spacer-size));--align-self:var(--container-widget-align-self,initial);--flex-shrink:0}.e-con-inner>.elementor-widget-spacer>.elementor-widget-container,.e-con>.elementor-widget-spacer>.elementor-widget-container{height:100%;width:100%}.e-con-inner>.elementor-widget-spacer>.elementor-widget-container>.elementor-spacer,.e-con>.elementor-widget-spacer>.elementor-widget-container>.elementor-spacer{height:100%}.e-con-inner>.elementor-widget-spacer>.elementor-widget-container>.elementor-spacer>.elementor-spacer-inner,.e-con>.elementor-widget-spacer>.elementor-widget-container>.elementor-spacer>.elementor-spacer-inner{height:var(--container-widget-height,var(--spacer-size))}.e-con-inner>.elementor-widget-spacer.elementor-widget-empty,.e-con>.elementor-widget-spacer.elementor-widget-empty{position:relative;min-height:22px;min-width:22px}.e-con-inner>.elementor-widget-spacer.elementor-widget-empty .elementor-widget-empty-icon,.e-con>.elementor-widget-spacer.elementor-widget-empty .elementor-widget-empty-icon{position:absolute;top:0;bottom:0;left:0;right:0;margin:auto;padding:0;width:22px;height:22px}<\/style>\t\t<div class=\"elementor-spacer\">\n\t\t\t<div class=\"elementor-spacer-inner\"><\/div>\n\t\t<\/div>\n\t\t\t\t<\/div>\n\t\t\t\t<\/div>\n\t\t\t\t\t<\/div>\n\t\t<\/div>\n\t\t\t\t<div class=\"elementor-column elementor-col-66 elementor-top-column elementor-element elementor-element-6d69636\" data-id=\"6d69636\" data-element_type=\"column\">\n\t\t\t<div class=\"elementor-widget-wrap elementor-element-populated\">\n\t\t\t\t\t\t\t\t<div class=\"elementor-element elementor-element-77bd437 elementor-widget elementor-widget-heading\" data-id=\"77bd437\" data-element_type=\"widget\" data-widget_type=\"heading.default\">\n\t\t\t\t<div class=\"elementor-widget-container\">\n\t\t\t<h2 class=\"elementor-heading-title elementor-size-default\">R\u00e9novation<\/h2>\t\t<\/div>\n\t\t\t\t<\/div>\n\t\t\t\t<div class=\"elementor-element elementor-element-aaa81f6 elementor-widget elementor-widget-text-editor\" data-id=\"aaa81f6\" data-element_type=\"widget\" data-widget_type=\"text-editor.default\">\n\t\t\t\t<div class=\"elementor-widget-container\">\n\t\t\t\t\t\t\t<p><strong>Pour assurer la qualit\u00e9 du cycle de production du syst\u00e8me, il faut effectuer la reconstruction des principaux composants m\u00e9caniques des outillages.<\/strong><\/p>\n<p>Gr\u00e2ce \u00e0 notre exp\u00e9rience, Motridal peut reconstruire des vis et des rotors de tous types afin d\u2019am\u00e9liorer les performances et prolonger la vie utile de la production.<\/p>\n<p><strong>SERVICES:<\/strong><\/p>\n<ul>\n<li>Reconstruction de la tari\u00e8re selon dessin ou \u00e9chantillon.<\/li>\n<li>Remplacement de la tari\u00e8re compl\u00e8te ou remplacement de la spirale seule.<\/li>\n<li>Restauration de la superposition en mat\u00e9riau r\u00e9sistant \u00e0 l&rsquo;usure.<\/li>\n<li>Renforcement de l&rsquo;h\u00e9lice de la cochl\u00e9e avec des plaques ou des bandages en spirale.<\/li>\n<\/ul>\n\t\t\t\t\t\t<\/div>\n\t\t\t\t<\/div>\n\t\t\t\t\t<\/div>\n\t\t<\/div>\n\t\t\t\t\t\t\t<\/div>\n\t\t<\/section>\n\t\t\t\t\t\t\t<\/div>\n\t\t","protected":false},"excerpt":{"rendered":"<p>Pour assurer la qualit\u00e9 du cycle de production du syst\u00e8me, il faut effectuer la reconstruction des principaux composants m\u00e9caniques des outillages.<\/p>\n","protected":false},"author":2,"featured_media":4241,"parent":4340,"menu_order":1,"comment_status":"closed","ping_status":"closed","template":"elementor_header_footer","meta":{"footnotes":""},"categorie_pagine":[43],"yoast_head":"<!-- This site is optimized with the Yoast SEO plugin v21.5 - https:\/\/yoast.com\/wordpress\/plugins\/seo\/ -->\n<title>R\u00e9novation - MOTRIDAL Vis d\u2019Archim\u00e8de Metalliques. Fabricant de spires embouties<\/title>\n<meta name=\"description\" content=\"Avec le passage du temps, les composants m\u00e9caniques des installations industrielles perdent leur efficacit\u00e9 et ont besoin de r\u00e9novation et d\u2019entretien.\" \/>\n<meta name=\"robots\" content=\"index, follow, max-snippet:-1, max-image-preview:large, max-video-preview:-1\" \/>\n<link rel=\"canonical\" href=\"https:\/\/www.motridal.com\/fr\/accueil-vis-darchimede\/services\/renovation\/\" \/>\n<meta property=\"og:locale\" content=\"fr_FR\" \/>\n<meta property=\"og:type\" content=\"article\" \/>\n<meta property=\"og:title\" content=\"R\u00e9novation - MOTRIDAL Vis d\u2019Archim\u00e8de Metalliques. Fabricant de spires embouties\" \/>\n<meta property=\"og:description\" content=\"Avec le passage du temps, les composants m\u00e9caniques des installations industrielles perdent leur efficacit\u00e9 et ont besoin de r\u00e9novation et d\u2019entretien.\" \/>\n<meta property=\"og:url\" content=\"https:\/\/www.motridal.com\/fr\/accueil-vis-darchimede\/services\/renovation\/\" \/>\n<meta property=\"og:site_name\" content=\"Motridal\" \/>\n<meta property=\"article:modified_time\" content=\"2022-11-22T10:39:44+00:00\" \/>\n<meta property=\"og:image\" content=\"https:\/\/www.motridal.com\/wp-content\/uploads\/2022\/07\/REVAMPING.jpg\" \/>\n\t<meta property=\"og:image:width\" content=\"1600\" \/>\n\t<meta property=\"og:image:height\" content=\"1000\" \/>\n\t<meta property=\"og:image:type\" content=\"image\/jpeg\" \/>\n<meta name=\"twitter:card\" content=\"summary_large_image\" \/>\n<script type=\"application\/ld+json\" class=\"yoast-schema-graph\">{\"@context\":\"https:\/\/schema.org\",\"@graph\":[{\"@type\":\"WebPage\",\"@id\":\"https:\/\/www.motridal.com\/fr\/accueil-vis-darchimede\/services\/renovation\/\",\"url\":\"https:\/\/www.motridal.com\/fr\/accueil-vis-darchimede\/services\/renovation\/\",\"name\":\"R\u00e9novation - MOTRIDAL Vis d\u2019Archim\u00e8de Metalliques. Fabricant de spires embouties\",\"isPartOf\":{\"@id\":\"https:\/\/www.motridal.com\/fr\/#website\"},\"datePublished\":\"2022-06-23T14:18:18+00:00\",\"dateModified\":\"2022-11-22T10:39:44+00:00\",\"description\":\"Avec le passage du temps, les composants m\u00e9caniques des installations industrielles perdent leur efficacit\u00e9 et ont besoin de r\u00e9novation et d\u2019entretien.\",\"breadcrumb\":{\"@id\":\"https:\/\/www.motridal.com\/fr\/accueil-vis-darchimede\/services\/renovation\/#breadcrumb\"},\"inLanguage\":\"fr-FR\",\"potentialAction\":[{\"@type\":\"ReadAction\",\"target\":[\"https:\/\/www.motridal.com\/fr\/accueil-vis-darchimede\/services\/renovation\/\"]}]},{\"@type\":\"BreadcrumbList\",\"@id\":\"https:\/\/www.motridal.com\/fr\/accueil-vis-darchimede\/services\/renovation\/#breadcrumb\",\"itemListElement\":[{\"@type\":\"ListItem\",\"position\":1,\"name\":\"Home\",\"item\":\"https:\/\/www.motridal.com\/fr\/\"},{\"@type\":\"ListItem\",\"position\":2,\"name\":\"Accueil Vis d\u2019Archimede\",\"item\":\"https:\/\/www.motridal.com\/fr\/accueil-vis-darchimede\/\"},{\"@type\":\"ListItem\",\"position\":3,\"name\":\"Services\",\"item\":\"https:\/\/www.motridal.com\/fr\/accueil-vis-darchimede\/services\/\"},{\"@type\":\"ListItem\",\"position\":4,\"name\":\"R\u00e9novation\"}]},{\"@type\":\"WebSite\",\"@id\":\"https:\/\/www.motridal.com\/fr\/#website\",\"url\":\"https:\/\/www.motridal.com\/fr\/\",\"name\":\"Motridal Spa\",\"description\":\"\",\"publisher\":{\"@id\":\"https:\/\/www.motridal.com\/fr\/#organization\"},\"alternateName\":\"MOTRIDAL\",\"potentialAction\":[{\"@type\":\"SearchAction\",\"target\":{\"@type\":\"EntryPoint\",\"urlTemplate\":\"https:\/\/www.motridal.com\/fr\/?s={search_term_string}\"},\"query-input\":\"required name=search_term_string\"}],\"inLanguage\":\"fr-FR\"},{\"@type\":\"Organization\",\"@id\":\"https:\/\/www.motridal.com\/fr\/#organization\",\"name\":\"Motridal Spa\",\"alternateName\":\"MOTRIDAL\",\"url\":\"https:\/\/www.motridal.com\/fr\/\",\"logo\":{\"@type\":\"ImageObject\",\"inLanguage\":\"fr-FR\",\"@id\":\"https:\/\/www.motridal.com\/fr\/#\/schema\/logo\/image\/\",\"url\":\"https:\/\/www.motridal.com\/wp-content\/uploads\/2022\/06\/logo-motridal-group.png\",\"contentUrl\":\"https:\/\/www.motridal.com\/wp-content\/uploads\/2022\/06\/logo-motridal-group.png\",\"width\":769,\"height\":200,\"caption\":\"Motridal Spa\"},\"image\":{\"@id\":\"https:\/\/www.motridal.com\/fr\/#\/schema\/logo\/image\/\"}}]}<\/script>\n<!-- \/ Yoast SEO plugin. -->","yoast_head_json":{"title":"R\u00e9novation - MOTRIDAL Vis d\u2019Archim\u00e8de Metalliques. Fabricant de spires embouties","description":"Avec le passage du temps, les composants m\u00e9caniques des installations industrielles perdent leur efficacit\u00e9 et ont besoin de r\u00e9novation et d\u2019entretien.","robots":{"index":"index","follow":"follow","max-snippet":"max-snippet:-1","max-image-preview":"max-image-preview:large","max-video-preview":"max-video-preview:-1"},"canonical":"https:\/\/www.motridal.com\/fr\/accueil-vis-darchimede\/services\/renovation\/","og_locale":"fr_FR","og_type":"article","og_title":"R\u00e9novation - MOTRIDAL Vis d\u2019Archim\u00e8de Metalliques. Fabricant de spires embouties","og_description":"Avec le passage du temps, les composants m\u00e9caniques des installations industrielles perdent leur efficacit\u00e9 et ont besoin de r\u00e9novation et d\u2019entretien.","og_url":"https:\/\/www.motridal.com\/fr\/accueil-vis-darchimede\/services\/renovation\/","og_site_name":"Motridal","article_modified_time":"2022-11-22T10:39:44+00:00","og_image":[{"width":1600,"height":1000,"url":"https:\/\/www.motridal.com\/wp-content\/uploads\/2022\/07\/REVAMPING.jpg","type":"image\/jpeg"}],"twitter_card":"summary_large_image","schema":{"@context":"https:\/\/schema.org","@graph":[{"@type":"WebPage","@id":"https:\/\/www.motridal.com\/fr\/accueil-vis-darchimede\/services\/renovation\/","url":"https:\/\/www.motridal.com\/fr\/accueil-vis-darchimede\/services\/renovation\/","name":"R\u00e9novation - MOTRIDAL Vis d\u2019Archim\u00e8de Metalliques. Fabricant de spires embouties","isPartOf":{"@id":"https:\/\/www.motridal.com\/fr\/#website"},"datePublished":"2022-06-23T14:18:18+00:00","dateModified":"2022-11-22T10:39:44+00:00","description":"Avec le passage du temps, les composants m\u00e9caniques des installations industrielles perdent leur efficacit\u00e9 et ont besoin de r\u00e9novation et d\u2019entretien.","breadcrumb":{"@id":"https:\/\/www.motridal.com\/fr\/accueil-vis-darchimede\/services\/renovation\/#breadcrumb"},"inLanguage":"fr-FR","potentialAction":[{"@type":"ReadAction","target":["https:\/\/www.motridal.com\/fr\/accueil-vis-darchimede\/services\/renovation\/"]}]},{"@type":"BreadcrumbList","@id":"https:\/\/www.motridal.com\/fr\/accueil-vis-darchimede\/services\/renovation\/#breadcrumb","itemListElement":[{"@type":"ListItem","position":1,"name":"Home","item":"https:\/\/www.motridal.com\/fr\/"},{"@type":"ListItem","position":2,"name":"Accueil Vis d\u2019Archimede","item":"https:\/\/www.motridal.com\/fr\/accueil-vis-darchimede\/"},{"@type":"ListItem","position":3,"name":"Services","item":"https:\/\/www.motridal.com\/fr\/accueil-vis-darchimede\/services\/"},{"@type":"ListItem","position":4,"name":"R\u00e9novation"}]},{"@type":"WebSite","@id":"https:\/\/www.motridal.com\/fr\/#website","url":"https:\/\/www.motridal.com\/fr\/","name":"Motridal Spa","description":"","publisher":{"@id":"https:\/\/www.motridal.com\/fr\/#organization"},"alternateName":"MOTRIDAL","potentialAction":[{"@type":"SearchAction","target":{"@type":"EntryPoint","urlTemplate":"https:\/\/www.motridal.com\/fr\/?s={search_term_string}"},"query-input":"required name=search_term_string"}],"inLanguage":"fr-FR"},{"@type":"Organization","@id":"https:\/\/www.motridal.com\/fr\/#organization","name":"Motridal Spa","alternateName":"MOTRIDAL","url":"https:\/\/www.motridal.com\/fr\/","logo":{"@type":"ImageObject","inLanguage":"fr-FR","@id":"https:\/\/www.motridal.com\/fr\/#\/schema\/logo\/image\/","url":"https:\/\/www.motridal.com\/wp-content\/uploads\/2022\/06\/logo-motridal-group.png","contentUrl":"https:\/\/www.motridal.com\/wp-content\/uploads\/2022\/06\/logo-motridal-group.png","width":769,"height":200,"caption":"Motridal Spa"},"image":{"@id":"https:\/\/www.motridal.com\/fr\/#\/schema\/logo\/image\/"}}]}},"_links":{"self":[{"href":"https:\/\/www.motridal.com\/fr\/wp-json\/wp\/v2\/pages\/4342"}],"collection":[{"href":"https:\/\/www.motridal.com\/fr\/wp-json\/wp\/v2\/pages"}],"about":[{"href":"https:\/\/www.motridal.com\/fr\/wp-json\/wp\/v2\/types\/page"}],"author":[{"embeddable":true,"href":"https:\/\/www.motridal.com\/fr\/wp-json\/wp\/v2\/users\/2"}],"replies":[{"embeddable":true,"href":"https:\/\/www.motridal.com\/fr\/wp-json\/wp\/v2\/comments?post=4342"}],"version-history":[{"count":0,"href":"https:\/\/www.motridal.com\/fr\/wp-json\/wp\/v2\/pages\/4342\/revisions"}],"up":[{"embeddable":true,"href":"https:\/\/www.motridal.com\/fr\/wp-json\/wp\/v2\/pages\/4340"}],"wp:featuredmedia":[{"embeddable":true,"href":"https:\/\/www.motridal.com\/fr\/wp-json\/wp\/v2\/media\/4241"}],"wp:attachment":[{"href":"https:\/\/www.motridal.com\/fr\/wp-json\/wp\/v2\/media?parent=4342"}],"wp:term":[{"taxonomy":"categorie_pagine","embeddable":true,"href":"https:\/\/www.motridal.com\/fr\/wp-json\/wp\/v2\/categorie_pagine?post=4342"}],"curies":[{"name":"wp","href":"https:\/\/api.w.org\/{rel}","templated":true}]}}