{"id":4344,"date":"2022-06-23T16:18:18","date_gmt":"2022-06-23T14:18:18","guid":{"rendered":"https:\/\/motridal.com\/accueil-vis-darchimede\/services\/rotors-composes\/"},"modified":"2022-11-22T11:41:02","modified_gmt":"2022-11-22T10:41:02","slug":"rotors-composes","status":"publish","type":"page","link":"https:\/\/www.motridal.com\/fr\/accueil-vis-darchimede\/services\/rotors-composes\/","title":{"rendered":"Rotors Compos\u00e9s"},"content":{"rendered":"\t\t<div data-elementor-type=\"wp-page\" data-elementor-id=\"4344\" class=\"elementor elementor-4344 elementor-31\" data-elementor-post-type=\"page\">\n\t\t\t\t\t\t\t\t\t<section class=\"elementor-section elementor-top-section elementor-element elementor-element-cc6f7dd elementor-section-full_width elementor-section-height-min-height elementor-section-items-stretch elementor-section-content-middle elementor-reverse-tablet elementor-reverse-mobile elementor-section-height-default\" data-id=\"cc6f7dd\" data-element_type=\"section\" data-settings=\"{&quot;background_background&quot;:&quot;classic&quot;,&quot;background_motion_fx_motion_fx_scrolling&quot;:&quot;yes&quot;,&quot;background_motion_fx_scale_effect&quot;:&quot;yes&quot;,&quot;background_motion_fx_scale_direction&quot;:&quot;out-in&quot;,&quot;background_motion_fx_scale_speed&quot;:{&quot;unit&quot;:&quot;px&quot;,&quot;size&quot;:4,&quot;sizes&quot;:[]},&quot;background_motion_fx_scale_range&quot;:{&quot;unit&quot;:&quot;%&quot;,&quot;size&quot;:&quot;&quot;,&quot;sizes&quot;:{&quot;start&quot;:20,&quot;end&quot;:80}},&quot;background_motion_fx_devices&quot;:[&quot;desktop&quot;,&quot;tablet&quot;,&quot;mobile&quot;]}\">\n\t\t\t\t\t\t<div class=\"elementor-container elementor-column-gap-default\">\n\t\t\t\t\t<div class=\"elementor-column elementor-col-50 elementor-top-column elementor-element elementor-element-9b012b1\" data-id=\"9b012b1\" data-element_type=\"column\" data-settings=\"{&quot;background_background&quot;:&quot;classic&quot;}\">\n\t\t\t<div class=\"elementor-widget-wrap elementor-element-populated\">\n\t\t\t\t\t<div class=\"elementor-background-overlay\"><\/div>\n\t\t\t\t\t\t\t\t<div class=\"elementor-element elementor-element-c37e712 elementor-widget elementor-widget-heading\" data-id=\"c37e712\" data-element_type=\"widget\" data-widget_type=\"heading.default\">\n\t\t\t\t<div class=\"elementor-widget-container\">\n\t\t\t<style>\/*! elementor - v3.17.0 - 08-11-2023 *\/\n.elementor-heading-title{padding:0;margin:0;line-height:1}.elementor-widget-heading .elementor-heading-title[class*=elementor-size-]>a{color:inherit;font-size:inherit;line-height:inherit}.elementor-widget-heading .elementor-heading-title.elementor-size-small{font-size:15px}.elementor-widget-heading .elementor-heading-title.elementor-size-medium{font-size:19px}.elementor-widget-heading .elementor-heading-title.elementor-size-large{font-size:29px}.elementor-widget-heading .elementor-heading-title.elementor-size-xl{font-size:39px}.elementor-widget-heading .elementor-heading-title.elementor-size-xxl{font-size:59px}<\/style><h1 class=\"elementor-heading-title elementor-size-default\">Rotors Compos\u00e9s<\/h1>\t\t<\/div>\n\t\t\t\t<\/div>\n\t\t\t\t<div class=\"elementor-element elementor-element-5c0ee80 elementor-widget elementor-widget-text-editor\" data-id=\"5c0ee80\" data-element_type=\"widget\" data-widget_type=\"text-editor.default\">\n\t\t\t\t<div class=\"elementor-widget-container\">\n\t\t\t<style>\/*! elementor - v3.17.0 - 08-11-2023 *\/\n.elementor-widget-text-editor.elementor-drop-cap-view-stacked .elementor-drop-cap{background-color:#69727d;color:#fff}.elementor-widget-text-editor.elementor-drop-cap-view-framed .elementor-drop-cap{color:#69727d;border:3px solid;background-color:transparent}.elementor-widget-text-editor:not(.elementor-drop-cap-view-default) .elementor-drop-cap{margin-top:8px}.elementor-widget-text-editor:not(.elementor-drop-cap-view-default) .elementor-drop-cap-letter{width:1em;height:1em}.elementor-widget-text-editor .elementor-drop-cap{float:left;text-align:center;line-height:1;font-size:50px}.elementor-widget-text-editor .elementor-drop-cap-letter{display:inline-block}<\/style>\t\t\t\t<p>Vis compos\u00e9es, g\u00e9n\u00e9ralement obtenues par usinage ou fusion, r\u00e9alis\u00e9es par assemblage et soudage des h\u00e9lices sur tube ou c\u00f4ne.<\/p>\n\t\t\t\t\t\t<\/div>\n\t\t\t\t<\/div>\n\t\t\t\t<div class=\"elementor-element elementor-element-88297a2 elementor-widget elementor-widget-button\" data-id=\"88297a2\" data-element_type=\"widget\" data-widget_type=\"button.default\">\n\t\t\t\t<div class=\"elementor-widget-container\">\n\t\t\t\t\t<div class=\"elementor-button-wrapper\">\n\t\t\t<a class=\"elementor-button elementor-button-link elementor-size-sm\" href=\"#scopri\">\n\t\t\t\t\t\t<span class=\"elementor-button-content-wrapper\">\n\t\t\t\t\t\t<span class=\"elementor-button-icon elementor-align-icon-right\">\n\t\t\t\t<i aria-hidden=\"true\" class=\"fas fa-arrow-down\"><\/i>\t\t\t<\/span>\n\t\t\t\t\t\t<span class=\"elementor-button-text\">En savoir plus<\/span>\n\t\t<\/span>\n\t\t\t\t\t<\/a>\n\t\t<\/div>\n\t\t\t\t<\/div>\n\t\t\t\t<\/div>\n\t\t\t\t\t<\/div>\n\t\t<\/div>\n\t\t\t\t<div class=\"elementor-column elementor-col-50 elementor-top-column elementor-element elementor-element-c22aa02 elementor-hidden-tablet elementor-hidden-mobile\" data-id=\"c22aa02\" data-element_type=\"column\">\n\t\t\t<div class=\"elementor-widget-wrap\">\n\t\t\t\t\t\t\t\t\t<\/div>\n\t\t<\/div>\n\t\t\t\t\t\t\t<\/div>\n\t\t<\/section>\n\t\t\t\t<section class=\"elementor-section elementor-top-section elementor-element elementor-element-d6b4f3c elementor-section-full_width elementor-section-content-middle elementor-section-height-default elementor-section-height-default\" data-id=\"d6b4f3c\" data-element_type=\"section\" id=\"scopri\">\n\t\t\t\t\t\t<div class=\"elementor-container elementor-column-gap-no\">\n\t\t\t\t\t<div class=\"elementor-column elementor-col-33 elementor-top-column elementor-element elementor-element-621168c\" data-id=\"621168c\" data-element_type=\"column\" data-settings=\"{&quot;background_background&quot;:&quot;slideshow&quot;,&quot;background_slideshow_gallery&quot;:[{&quot;id&quot;:2043,&quot;url&quot;:&quot;https:\\\/\\\/www.motridal.com\\\/wp-content\\\/uploads\\\/2022\\\/07\\\/AlberiComposti-1.jpg&quot;},{&quot;id&quot;:2044,&quot;url&quot;:&quot;https:\\\/\\\/www.motridal.com\\\/wp-content\\\/uploads\\\/2022\\\/07\\\/AlberiComposti-2.jpg&quot;},{&quot;id&quot;:2045,&quot;url&quot;:&quot;https:\\\/\\\/www.motridal.com\\\/wp-content\\\/uploads\\\/2022\\\/07\\\/AlberiComposti-3.jpg&quot;}],&quot;background_slideshow_slide_duration&quot;:3000,&quot;background_slideshow_transition_duration&quot;:1000,&quot;background_slideshow_ken_burns&quot;:&quot;yes&quot;,&quot;background_slideshow_loop&quot;:&quot;yes&quot;,&quot;background_slideshow_slide_transition&quot;:&quot;fade&quot;,&quot;background_slideshow_ken_burns_zoom_direction&quot;:&quot;in&quot;}\">\n\t\t\t<div class=\"elementor-widget-wrap elementor-element-populated\">\n\t\t\t\t\t\t\t\t<div class=\"elementor-element elementor-element-361edf0 elementor-widget elementor-widget-spacer\" data-id=\"361edf0\" data-element_type=\"widget\" data-widget_type=\"spacer.default\">\n\t\t\t\t<div class=\"elementor-widget-container\">\n\t\t\t<style>\/*! elementor - v3.17.0 - 08-11-2023 *\/\n.elementor-column .elementor-spacer-inner{height:var(--spacer-size)}.e-con{--container-widget-width:100%}.e-con-inner>.elementor-widget-spacer,.e-con>.elementor-widget-spacer{width:var(--container-widget-width,var(--spacer-size));--align-self:var(--container-widget-align-self,initial);--flex-shrink:0}.e-con-inner>.elementor-widget-spacer>.elementor-widget-container,.e-con>.elementor-widget-spacer>.elementor-widget-container{height:100%;width:100%}.e-con-inner>.elementor-widget-spacer>.elementor-widget-container>.elementor-spacer,.e-con>.elementor-widget-spacer>.elementor-widget-container>.elementor-spacer{height:100%}.e-con-inner>.elementor-widget-spacer>.elementor-widget-container>.elementor-spacer>.elementor-spacer-inner,.e-con>.elementor-widget-spacer>.elementor-widget-container>.elementor-spacer>.elementor-spacer-inner{height:var(--container-widget-height,var(--spacer-size))}.e-con-inner>.elementor-widget-spacer.elementor-widget-empty,.e-con>.elementor-widget-spacer.elementor-widget-empty{position:relative;min-height:22px;min-width:22px}.e-con-inner>.elementor-widget-spacer.elementor-widget-empty .elementor-widget-empty-icon,.e-con>.elementor-widget-spacer.elementor-widget-empty .elementor-widget-empty-icon{position:absolute;top:0;bottom:0;left:0;right:0;margin:auto;padding:0;width:22px;height:22px}<\/style>\t\t<div class=\"elementor-spacer\">\n\t\t\t<div class=\"elementor-spacer-inner\"><\/div>\n\t\t<\/div>\n\t\t\t\t<\/div>\n\t\t\t\t<\/div>\n\t\t\t\t\t<\/div>\n\t\t<\/div>\n\t\t\t\t<div class=\"elementor-column elementor-col-66 elementor-top-column elementor-element elementor-element-6c45ec7\" data-id=\"6c45ec7\" data-element_type=\"column\">\n\t\t\t<div class=\"elementor-widget-wrap elementor-element-populated\">\n\t\t\t\t\t\t\t\t<div class=\"elementor-element elementor-element-28f41ce elementor-widget elementor-widget-heading\" data-id=\"28f41ce\" data-element_type=\"widget\" data-widget_type=\"heading.default\">\n\t\t\t\t<div class=\"elementor-widget-container\">\n\t\t\t<h2 class=\"elementor-heading-title elementor-size-default\">Rotors Compos\u00e9s<\/h2>\t\t<\/div>\n\t\t\t\t<\/div>\n\t\t\t\t<div class=\"elementor-element elementor-element-805fd38 elementor-widget elementor-widget-text-editor\" data-id=\"805fd38\" data-element_type=\"widget\" data-widget_type=\"text-editor.default\">\n\t\t\t\t<div class=\"elementor-widget-container\">\n\t\t\t\t\t\t\t<p><strong>Pi\u00e8ces m\u00e9caniques tels que compacteurs, s\u00e9parateurs et vis d\u2019extrusion sont souvent obtenus par usinage de solides ou moules de coul\u00e9e.<\/strong><\/p>\n<p>Avec ces m\u00e9thodes de fabrication on peut avoir dimensions exactes, mais co\u00fbteux et invariables dans le temps.<\/p>\n<p>Motridal est en mesure d\u2019aider le client \u00e0 r\u00e9aliser la pi\u00e8ce non pas par usinage ou par fusion, mais avec un rotor \u00e0 vis consistant en spires mont\u00e9es et soud\u00e9es sur un tube ou un c\u00f4ne.<\/p>\n<p>Le produit ainsi obtenu a la m\u00eame pr\u00e9cision, mais permet une r\u00e9duction des co\u00fbts et une haute flexibilit\u00e9 dimensionelle, car on peut varier rapidement diam\u00e8tres et pas selon le diff\u00e9rents mod\u00e8les.<\/p>\n<\/p>\n<p><strong>POINT FORTS DES ROTORS COMPOS\u00c9S SONT:<\/strong><\/p>\n<ul>\n<li>Pr\u00e9cision<\/li>\n<li>Bas prix<\/li>\n<li>Flexibilit\u00e9 des dimensions<\/li>\n<\/ul>\n\t\t\t\t\t\t<\/div>\n\t\t\t\t<\/div>\n\t\t\t\t\t<\/div>\n\t\t<\/div>\n\t\t\t\t\t\t\t<\/div>\n\t\t<\/section>\n\t\t\t\t\t\t\t<\/div>\n\t\t","protected":false},"excerpt":{"rendered":"<p>Pi\u00e8ces m\u00e9caniques tels que compacteurs, s\u00e9parateurs et vis d\u2019extrusion sont souvent obtenus par usinage de solides ou moules de coul\u00e9e. Avec ces m\u00e9thodes de fabrication on peut avoir dimensions exactes, mais co\u00fbteux et invariables dans le temps.<\/p>\n","protected":false},"author":2,"featured_media":4245,"parent":4340,"menu_order":2,"comment_status":"closed","ping_status":"closed","template":"elementor_header_footer","meta":{"footnotes":""},"categorie_pagine":[43],"yoast_head":"<!-- This site is optimized with the Yoast SEO plugin v21.5 - https:\/\/yoast.com\/wordpress\/plugins\/seo\/ -->\n<title>Rotors compos\u00e9s - MOTRIDAL Vis d\u2019Archim\u00e8de Metalliques. Fabricant de spires embouties<\/title>\n<meta name=\"description\" content=\"Vis compos\u00e9es, g\u00e9n\u00e9ralement obtenues par usinage ou fusion, r\u00e9alis\u00e9es par assemblage et soudage des h\u00e9lices sur tube ou c\u00f4ne.\" \/>\n<meta name=\"robots\" content=\"index, follow, max-snippet:-1, max-image-preview:large, max-video-preview:-1\" \/>\n<link rel=\"canonical\" href=\"https:\/\/www.motridal.com\/fr\/accueil-vis-darchimede\/services\/rotors-composes\/\" \/>\n<meta property=\"og:locale\" content=\"fr_FR\" \/>\n<meta property=\"og:type\" content=\"article\" \/>\n<meta property=\"og:title\" content=\"Rotors compos\u00e9s - MOTRIDAL Vis d\u2019Archim\u00e8de Metalliques. Fabricant de spires embouties\" \/>\n<meta property=\"og:description\" content=\"Vis compos\u00e9es, g\u00e9n\u00e9ralement obtenues par usinage ou fusion, r\u00e9alis\u00e9es par assemblage et soudage des h\u00e9lices sur tube ou c\u00f4ne.\" \/>\n<meta property=\"og:url\" content=\"https:\/\/www.motridal.com\/fr\/accueil-vis-darchimede\/services\/rotors-composes\/\" \/>\n<meta property=\"og:site_name\" content=\"Motridal\" \/>\n<meta property=\"article:modified_time\" content=\"2022-11-22T10:41:02+00:00\" \/>\n<meta property=\"og:image\" content=\"https:\/\/www.motridal.com\/wp-content\/uploads\/2022\/07\/Sfondo-alberi-composti-1.jpg\" \/>\n\t<meta property=\"og:image:width\" content=\"1600\" \/>\n\t<meta property=\"og:image:height\" content=\"1000\" \/>\n\t<meta property=\"og:image:type\" content=\"image\/jpeg\" \/>\n<meta name=\"twitter:card\" content=\"summary_large_image\" \/>\n<script type=\"application\/ld+json\" class=\"yoast-schema-graph\">{\"@context\":\"https:\/\/schema.org\",\"@graph\":[{\"@type\":\"WebPage\",\"@id\":\"https:\/\/www.motridal.com\/fr\/accueil-vis-darchimede\/services\/rotors-composes\/\",\"url\":\"https:\/\/www.motridal.com\/fr\/accueil-vis-darchimede\/services\/rotors-composes\/\",\"name\":\"Rotors compos\u00e9s - MOTRIDAL Vis d\u2019Archim\u00e8de Metalliques. Fabricant de spires embouties\",\"isPartOf\":{\"@id\":\"https:\/\/www.motridal.com\/fr\/#website\"},\"datePublished\":\"2022-06-23T14:18:18+00:00\",\"dateModified\":\"2022-11-22T10:41:02+00:00\",\"description\":\"Vis compos\u00e9es, g\u00e9n\u00e9ralement obtenues par usinage ou fusion, r\u00e9alis\u00e9es par assemblage et soudage des h\u00e9lices sur tube ou c\u00f4ne.\",\"breadcrumb\":{\"@id\":\"https:\/\/www.motridal.com\/fr\/accueil-vis-darchimede\/services\/rotors-composes\/#breadcrumb\"},\"inLanguage\":\"fr-FR\",\"potentialAction\":[{\"@type\":\"ReadAction\",\"target\":[\"https:\/\/www.motridal.com\/fr\/accueil-vis-darchimede\/services\/rotors-composes\/\"]}]},{\"@type\":\"BreadcrumbList\",\"@id\":\"https:\/\/www.motridal.com\/fr\/accueil-vis-darchimede\/services\/rotors-composes\/#breadcrumb\",\"itemListElement\":[{\"@type\":\"ListItem\",\"position\":1,\"name\":\"Home\",\"item\":\"https:\/\/www.motridal.com\/fr\/\"},{\"@type\":\"ListItem\",\"position\":2,\"name\":\"Accueil Vis d\u2019Archimede\",\"item\":\"https:\/\/www.motridal.com\/fr\/accueil-vis-darchimede\/\"},{\"@type\":\"ListItem\",\"position\":3,\"name\":\"Services\",\"item\":\"https:\/\/www.motridal.com\/fr\/accueil-vis-darchimede\/services\/\"},{\"@type\":\"ListItem\",\"position\":4,\"name\":\"Rotors Compos\u00e9s\"}]},{\"@type\":\"WebSite\",\"@id\":\"https:\/\/www.motridal.com\/fr\/#website\",\"url\":\"https:\/\/www.motridal.com\/fr\/\",\"name\":\"Motridal Spa\",\"description\":\"\",\"publisher\":{\"@id\":\"https:\/\/www.motridal.com\/fr\/#organization\"},\"alternateName\":\"MOTRIDAL\",\"potentialAction\":[{\"@type\":\"SearchAction\",\"target\":{\"@type\":\"EntryPoint\",\"urlTemplate\":\"https:\/\/www.motridal.com\/fr\/?s={search_term_string}\"},\"query-input\":\"required name=search_term_string\"}],\"inLanguage\":\"fr-FR\"},{\"@type\":\"Organization\",\"@id\":\"https:\/\/www.motridal.com\/fr\/#organization\",\"name\":\"Motridal Spa\",\"alternateName\":\"MOTRIDAL\",\"url\":\"https:\/\/www.motridal.com\/fr\/\",\"logo\":{\"@type\":\"ImageObject\",\"inLanguage\":\"fr-FR\",\"@id\":\"https:\/\/www.motridal.com\/fr\/#\/schema\/logo\/image\/\",\"url\":\"https:\/\/www.motridal.com\/wp-content\/uploads\/2022\/06\/logo-motridal-group.png\",\"contentUrl\":\"https:\/\/www.motridal.com\/wp-content\/uploads\/2022\/06\/logo-motridal-group.png\",\"width\":769,\"height\":200,\"caption\":\"Motridal Spa\"},\"image\":{\"@id\":\"https:\/\/www.motridal.com\/fr\/#\/schema\/logo\/image\/\"}}]}<\/script>\n<!-- \/ Yoast SEO plugin. -->","yoast_head_json":{"title":"Rotors compos\u00e9s - MOTRIDAL Vis d\u2019Archim\u00e8de Metalliques. Fabricant de spires embouties","description":"Vis compos\u00e9es, g\u00e9n\u00e9ralement obtenues par usinage ou fusion, r\u00e9alis\u00e9es par assemblage et soudage des h\u00e9lices sur tube ou c\u00f4ne.","robots":{"index":"index","follow":"follow","max-snippet":"max-snippet:-1","max-image-preview":"max-image-preview:large","max-video-preview":"max-video-preview:-1"},"canonical":"https:\/\/www.motridal.com\/fr\/accueil-vis-darchimede\/services\/rotors-composes\/","og_locale":"fr_FR","og_type":"article","og_title":"Rotors compos\u00e9s - MOTRIDAL Vis d\u2019Archim\u00e8de Metalliques. Fabricant de spires embouties","og_description":"Vis compos\u00e9es, g\u00e9n\u00e9ralement obtenues par usinage ou fusion, r\u00e9alis\u00e9es par assemblage et soudage des h\u00e9lices sur tube ou c\u00f4ne.","og_url":"https:\/\/www.motridal.com\/fr\/accueil-vis-darchimede\/services\/rotors-composes\/","og_site_name":"Motridal","article_modified_time":"2022-11-22T10:41:02+00:00","og_image":[{"width":1600,"height":1000,"url":"https:\/\/www.motridal.com\/wp-content\/uploads\/2022\/07\/Sfondo-alberi-composti-1.jpg","type":"image\/jpeg"}],"twitter_card":"summary_large_image","schema":{"@context":"https:\/\/schema.org","@graph":[{"@type":"WebPage","@id":"https:\/\/www.motridal.com\/fr\/accueil-vis-darchimede\/services\/rotors-composes\/","url":"https:\/\/www.motridal.com\/fr\/accueil-vis-darchimede\/services\/rotors-composes\/","name":"Rotors compos\u00e9s - MOTRIDAL Vis d\u2019Archim\u00e8de Metalliques. Fabricant de spires embouties","isPartOf":{"@id":"https:\/\/www.motridal.com\/fr\/#website"},"datePublished":"2022-06-23T14:18:18+00:00","dateModified":"2022-11-22T10:41:02+00:00","description":"Vis compos\u00e9es, g\u00e9n\u00e9ralement obtenues par usinage ou fusion, r\u00e9alis\u00e9es par assemblage et soudage des h\u00e9lices sur tube ou c\u00f4ne.","breadcrumb":{"@id":"https:\/\/www.motridal.com\/fr\/accueil-vis-darchimede\/services\/rotors-composes\/#breadcrumb"},"inLanguage":"fr-FR","potentialAction":[{"@type":"ReadAction","target":["https:\/\/www.motridal.com\/fr\/accueil-vis-darchimede\/services\/rotors-composes\/"]}]},{"@type":"BreadcrumbList","@id":"https:\/\/www.motridal.com\/fr\/accueil-vis-darchimede\/services\/rotors-composes\/#breadcrumb","itemListElement":[{"@type":"ListItem","position":1,"name":"Home","item":"https:\/\/www.motridal.com\/fr\/"},{"@type":"ListItem","position":2,"name":"Accueil Vis d\u2019Archimede","item":"https:\/\/www.motridal.com\/fr\/accueil-vis-darchimede\/"},{"@type":"ListItem","position":3,"name":"Services","item":"https:\/\/www.motridal.com\/fr\/accueil-vis-darchimede\/services\/"},{"@type":"ListItem","position":4,"name":"Rotors Compos\u00e9s"}]},{"@type":"WebSite","@id":"https:\/\/www.motridal.com\/fr\/#website","url":"https:\/\/www.motridal.com\/fr\/","name":"Motridal Spa","description":"","publisher":{"@id":"https:\/\/www.motridal.com\/fr\/#organization"},"alternateName":"MOTRIDAL","potentialAction":[{"@type":"SearchAction","target":{"@type":"EntryPoint","urlTemplate":"https:\/\/www.motridal.com\/fr\/?s={search_term_string}"},"query-input":"required name=search_term_string"}],"inLanguage":"fr-FR"},{"@type":"Organization","@id":"https:\/\/www.motridal.com\/fr\/#organization","name":"Motridal Spa","alternateName":"MOTRIDAL","url":"https:\/\/www.motridal.com\/fr\/","logo":{"@type":"ImageObject","inLanguage":"fr-FR","@id":"https:\/\/www.motridal.com\/fr\/#\/schema\/logo\/image\/","url":"https:\/\/www.motridal.com\/wp-content\/uploads\/2022\/06\/logo-motridal-group.png","contentUrl":"https:\/\/www.motridal.com\/wp-content\/uploads\/2022\/06\/logo-motridal-group.png","width":769,"height":200,"caption":"Motridal Spa"},"image":{"@id":"https:\/\/www.motridal.com\/fr\/#\/schema\/logo\/image\/"}}]}},"_links":{"self":[{"href":"https:\/\/www.motridal.com\/fr\/wp-json\/wp\/v2\/pages\/4344"}],"collection":[{"href":"https:\/\/www.motridal.com\/fr\/wp-json\/wp\/v2\/pages"}],"about":[{"href":"https:\/\/www.motridal.com\/fr\/wp-json\/wp\/v2\/types\/page"}],"author":[{"embeddable":true,"href":"https:\/\/www.motridal.com\/fr\/wp-json\/wp\/v2\/users\/2"}],"replies":[{"embeddable":true,"href":"https:\/\/www.motridal.com\/fr\/wp-json\/wp\/v2\/comments?post=4344"}],"version-history":[{"count":0,"href":"https:\/\/www.motridal.com\/fr\/wp-json\/wp\/v2\/pages\/4344\/revisions"}],"up":[{"embeddable":true,"href":"https:\/\/www.motridal.com\/fr\/wp-json\/wp\/v2\/pages\/4340"}],"wp:featuredmedia":[{"embeddable":true,"href":"https:\/\/www.motridal.com\/fr\/wp-json\/wp\/v2\/media\/4245"}],"wp:attachment":[{"href":"https:\/\/www.motridal.com\/fr\/wp-json\/wp\/v2\/media?parent=4344"}],"wp:term":[{"taxonomy":"categorie_pagine","embeddable":true,"href":"https:\/\/www.motridal.com\/fr\/wp-json\/wp\/v2\/categorie_pagine?post=4344"}],"curies":[{"name":"wp","href":"https:\/\/api.w.org\/{rel}","templated":true}]}}