{"id":4348,"date":"2022-06-23T16:18:18","date_gmt":"2022-06-23T14:18:18","guid":{"rendered":"https:\/\/motridal.com\/accueil-vis-darchimede\/services\/rechargement-dur-traitement-de-surface\/"},"modified":"2022-11-10T11:24:33","modified_gmt":"2022-11-10T10:24:33","slug":"rechargement-traitement-de-surface","status":"publish","type":"page","link":"https:\/\/www.motridal.com\/fr\/accueil-vis-darchimede\/services\/rechargement-traitement-de-surface\/","title":{"rendered":"Rechargement Dur &amp; Traitement de Surface"},"content":{"rendered":"\t\t<div data-elementor-type=\"wp-page\" data-elementor-id=\"4348\" class=\"elementor elementor-4348 elementor-32\" data-elementor-post-type=\"page\">\n\t\t\t\t\t\t\t\t\t<section class=\"elementor-section elementor-top-section elementor-element elementor-element-70d3692 elementor-section-full_width elementor-section-height-min-height elementor-section-items-stretch elementor-section-content-middle elementor-reverse-tablet elementor-reverse-mobile elementor-section-height-default\" data-id=\"70d3692\" data-element_type=\"section\" data-settings=\"{&quot;background_background&quot;:&quot;classic&quot;,&quot;background_motion_fx_motion_fx_scrolling&quot;:&quot;yes&quot;,&quot;background_motion_fx_devices&quot;:[&quot;desktop&quot;,&quot;tablet&quot;,&quot;mobile&quot;]}\">\n\t\t\t\t\t\t<div class=\"elementor-container elementor-column-gap-default\">\n\t\t\t\t\t<div class=\"elementor-column elementor-col-50 elementor-top-column elementor-element elementor-element-9006bf1\" data-id=\"9006bf1\" data-element_type=\"column\" data-settings=\"{&quot;background_background&quot;:&quot;classic&quot;}\">\n\t\t\t<div class=\"elementor-widget-wrap elementor-element-populated\">\n\t\t\t\t\t<div class=\"elementor-background-overlay\"><\/div>\n\t\t\t\t\t\t\t\t<div class=\"elementor-element elementor-element-19c131f elementor-widget elementor-widget-heading\" data-id=\"19c131f\" data-element_type=\"widget\" data-widget_type=\"heading.default\">\n\t\t\t\t<div class=\"elementor-widget-container\">\n\t\t\t<style>\/*! elementor - v3.17.0 - 08-11-2023 *\/\n.elementor-heading-title{padding:0;margin:0;line-height:1}.elementor-widget-heading .elementor-heading-title[class*=elementor-size-]>a{color:inherit;font-size:inherit;line-height:inherit}.elementor-widget-heading .elementor-heading-title.elementor-size-small{font-size:15px}.elementor-widget-heading .elementor-heading-title.elementor-size-medium{font-size:19px}.elementor-widget-heading .elementor-heading-title.elementor-size-large{font-size:29px}.elementor-widget-heading .elementor-heading-title.elementor-size-xl{font-size:39px}.elementor-widget-heading .elementor-heading-title.elementor-size-xxl{font-size:59px}<\/style><h1 class=\"elementor-heading-title elementor-size-default\">Rechargement Dur &amp; Traitement de Surface<\/h1>\t\t<\/div>\n\t\t\t\t<\/div>\n\t\t\t\t<div class=\"elementor-element elementor-element-ca28040 elementor-widget elementor-widget-button\" data-id=\"ca28040\" data-element_type=\"widget\" data-widget_type=\"button.default\">\n\t\t\t\t<div class=\"elementor-widget-container\">\n\t\t\t\t\t<div class=\"elementor-button-wrapper\">\n\t\t\t<a class=\"elementor-button elementor-button-link elementor-size-sm\" href=\"#scopri\">\n\t\t\t\t\t\t<span class=\"elementor-button-content-wrapper\">\n\t\t\t\t\t\t<span class=\"elementor-button-icon elementor-align-icon-right\">\n\t\t\t\t<i aria-hidden=\"true\" class=\"fas fa-arrow-down\"><\/i>\t\t\t<\/span>\n\t\t\t\t\t\t<span class=\"elementor-button-text\">En savoir plus<\/span>\n\t\t<\/span>\n\t\t\t\t\t<\/a>\n\t\t<\/div>\n\t\t\t\t<\/div>\n\t\t\t\t<\/div>\n\t\t\t\t\t<\/div>\n\t\t<\/div>\n\t\t\t\t<div class=\"elementor-column elementor-col-50 elementor-top-column elementor-element elementor-element-e524cff elementor-hidden-tablet elementor-hidden-mobile\" data-id=\"e524cff\" data-element_type=\"column\">\n\t\t\t<div class=\"elementor-widget-wrap\">\n\t\t\t\t\t\t\t\t\t<\/div>\n\t\t<\/div>\n\t\t\t\t\t\t\t<\/div>\n\t\t<\/section>\n\t\t\t\t<section class=\"elementor-section elementor-top-section elementor-element elementor-element-15c9fdc elementor-section-full_width elementor-section-content-middle elementor-reverse-tablet elementor-reverse-mobile elementor-section-height-default elementor-section-height-default\" data-id=\"15c9fdc\" data-element_type=\"section\" id=\"scopri\">\n\t\t\t\t\t\t<div class=\"elementor-container elementor-column-gap-no\">\n\t\t\t\t\t<div class=\"elementor-column elementor-col-33 elementor-top-column elementor-element elementor-element-90a11bd\" data-id=\"90a11bd\" data-element_type=\"column\" data-settings=\"{&quot;background_background&quot;:&quot;slideshow&quot;,&quot;background_slideshow_gallery&quot;:[{&quot;id&quot;:2079,&quot;url&quot;:&quot;https:\\\/\\\/www.motridal.com\\\/wp-content\\\/uploads\\\/2022\\\/07\\\/Riporti-1.jpg&quot;},{&quot;id&quot;:2080,&quot;url&quot;:&quot;https:\\\/\\\/www.motridal.com\\\/wp-content\\\/uploads\\\/2022\\\/07\\\/Riporti-2.jpg&quot;},{&quot;id&quot;:2081,&quot;url&quot;:&quot;https:\\\/\\\/www.motridal.com\\\/wp-content\\\/uploads\\\/2022\\\/07\\\/Riporti-3.jpg&quot;},{&quot;id&quot;:2082,&quot;url&quot;:&quot;https:\\\/\\\/www.motridal.com\\\/wp-content\\\/uploads\\\/2022\\\/07\\\/Riporti-4.jpg&quot;}],&quot;background_slideshow_slide_duration&quot;:3000,&quot;background_slideshow_transition_duration&quot;:1000,&quot;background_slideshow_ken_burns&quot;:&quot;yes&quot;,&quot;background_slideshow_loop&quot;:&quot;yes&quot;,&quot;background_slideshow_slide_transition&quot;:&quot;fade&quot;,&quot;background_slideshow_ken_burns_zoom_direction&quot;:&quot;in&quot;}\">\n\t\t\t<div class=\"elementor-widget-wrap elementor-element-populated\">\n\t\t\t\t\t\t\t\t<div class=\"elementor-element elementor-element-655003c elementor-widget elementor-widget-spacer\" data-id=\"655003c\" data-element_type=\"widget\" data-widget_type=\"spacer.default\">\n\t\t\t\t<div class=\"elementor-widget-container\">\n\t\t\t<style>\/*! elementor - v3.17.0 - 08-11-2023 *\/\n.elementor-column .elementor-spacer-inner{height:var(--spacer-size)}.e-con{--container-widget-width:100%}.e-con-inner>.elementor-widget-spacer,.e-con>.elementor-widget-spacer{width:var(--container-widget-width,var(--spacer-size));--align-self:var(--container-widget-align-self,initial);--flex-shrink:0}.e-con-inner>.elementor-widget-spacer>.elementor-widget-container,.e-con>.elementor-widget-spacer>.elementor-widget-container{height:100%;width:100%}.e-con-inner>.elementor-widget-spacer>.elementor-widget-container>.elementor-spacer,.e-con>.elementor-widget-spacer>.elementor-widget-container>.elementor-spacer{height:100%}.e-con-inner>.elementor-widget-spacer>.elementor-widget-container>.elementor-spacer>.elementor-spacer-inner,.e-con>.elementor-widget-spacer>.elementor-widget-container>.elementor-spacer>.elementor-spacer-inner{height:var(--container-widget-height,var(--spacer-size))}.e-con-inner>.elementor-widget-spacer.elementor-widget-empty,.e-con>.elementor-widget-spacer.elementor-widget-empty{position:relative;min-height:22px;min-width:22px}.e-con-inner>.elementor-widget-spacer.elementor-widget-empty .elementor-widget-empty-icon,.e-con>.elementor-widget-spacer.elementor-widget-empty .elementor-widget-empty-icon{position:absolute;top:0;bottom:0;left:0;right:0;margin:auto;padding:0;width:22px;height:22px}<\/style>\t\t<div class=\"elementor-spacer\">\n\t\t\t<div class=\"elementor-spacer-inner\"><\/div>\n\t\t<\/div>\n\t\t\t\t<\/div>\n\t\t\t\t<\/div>\n\t\t\t\t\t<\/div>\n\t\t<\/div>\n\t\t\t\t<div class=\"elementor-column elementor-col-66 elementor-top-column elementor-element elementor-element-9f18b2d\" data-id=\"9f18b2d\" data-element_type=\"column\">\n\t\t\t<div class=\"elementor-widget-wrap elementor-element-populated\">\n\t\t\t\t\t\t\t\t<div class=\"elementor-element elementor-element-ac8f68a elementor-widget elementor-widget-heading\" data-id=\"ac8f68a\" data-element_type=\"widget\" data-widget_type=\"heading.default\">\n\t\t\t\t<div class=\"elementor-widget-container\">\n\t\t\t<h2 class=\"elementor-heading-title elementor-size-default\">RECHARGEMENT DUR<\/h2>\t\t<\/div>\n\t\t\t\t<\/div>\n\t\t\t\t<div class=\"elementor-element elementor-element-29653c3 elementor-widget elementor-widget-text-editor\" data-id=\"29653c3\" data-element_type=\"widget\" data-widget_type=\"text-editor.default\">\n\t\t\t\t<div class=\"elementor-widget-container\">\n\t\t\t<style>\/*! elementor - v3.17.0 - 08-11-2023 *\/\n.elementor-widget-text-editor.elementor-drop-cap-view-stacked .elementor-drop-cap{background-color:#69727d;color:#fff}.elementor-widget-text-editor.elementor-drop-cap-view-framed .elementor-drop-cap{color:#69727d;border:3px solid;background-color:transparent}.elementor-widget-text-editor:not(.elementor-drop-cap-view-default) .elementor-drop-cap{margin-top:8px}.elementor-widget-text-editor:not(.elementor-drop-cap-view-default) .elementor-drop-cap-letter{width:1em;height:1em}.elementor-widget-text-editor .elementor-drop-cap{float:left;text-align:center;line-height:1;font-size:50px}.elementor-widget-text-editor .elementor-drop-cap-letter{display:inline-block}<\/style>\t\t\t\t<p>Pour chaque application industrielle, on peut l\u2019appliquer sur une nouvelle pi\u00e8ce pendant la fabrication pour augmenter sa r\u00e9sistance \u00e0 l\u2019usure, ou il peut \u00eatre utilis\u00e9 pour restaurer une surface us\u00e9e.<\/p>\n\t\t\t\t\t\t<\/div>\n\t\t\t\t<\/div>\n\t\t\t\t\t<\/div>\n\t\t<\/div>\n\t\t\t\t\t\t\t<\/div>\n\t\t<\/section>\n\t\t\t\t<section class=\"elementor-section elementor-top-section elementor-element elementor-element-3942c63 elementor-section-full_width elementor-section-content-middle elementor-section-height-default elementor-section-height-default\" data-id=\"3942c63\" data-element_type=\"section\">\n\t\t\t\t\t\t<div class=\"elementor-container elementor-column-gap-no\">\n\t\t\t\t\t<div class=\"elementor-column elementor-col-66 elementor-top-column elementor-element elementor-element-f8a1fae\" data-id=\"f8a1fae\" data-element_type=\"column\">\n\t\t\t<div class=\"elementor-widget-wrap elementor-element-populated\">\n\t\t\t\t\t\t\t\t<div class=\"elementor-element elementor-element-99da005 elementor-widget elementor-widget-heading\" data-id=\"99da005\" data-element_type=\"widget\" data-widget_type=\"heading.default\">\n\t\t\t\t<div class=\"elementor-widget-container\">\n\t\t\t<h2 class=\"elementor-heading-title elementor-size-default\">TRAITEMENT DE SURFACE<\/h2>\t\t<\/div>\n\t\t\t\t<\/div>\n\t\t\t\t<div class=\"elementor-element elementor-element-ddfdad7 elementor-widget elementor-widget-text-editor\" data-id=\"ddfdad7\" data-element_type=\"widget\" data-widget_type=\"text-editor.default\">\n\t\t\t\t<div class=\"elementor-widget-container\">\n\t\t\t\t\t\t\t<p><strong>Les proc\u00e9d\u00e9s de finition peuvent \u00eatre appliqu\u00e9s \u00e0:<\/strong><\/p>\n<ul>\n<li>am\u00e9liorer l\u2019apparence ext\u00e9rieure<\/li>\n<li>am\u00e9liorer l\u2019adh\u00e9rence<\/li>\n<li>am\u00e9liorer la soudabilit\u00e9<\/li>\n<li>am\u00e9liorer la r\u00e9sistance \u00e0 la corrosion<\/li>\n<li>am\u00e9liorer la r\u00e9sistance chimique<\/li>\n<li>am\u00e9liorer la r\u00e9sistance \u00e0 l\u2019usure et duret\u00e9<\/li>\n<\/ul>\n\t\t\t\t\t\t<\/div>\n\t\t\t\t<\/div>\n\t\t\t\t\t<\/div>\n\t\t<\/div>\n\t\t\t\t<div class=\"elementor-column elementor-col-33 elementor-top-column elementor-element elementor-element-c23b717\" data-id=\"c23b717\" data-element_type=\"column\" data-settings=\"{&quot;background_background&quot;:&quot;slideshow&quot;,&quot;background_slideshow_gallery&quot;:[{&quot;id&quot;:2078,&quot;url&quot;:&quot;https:\\\/\\\/www.motridal.com\\\/wp-content\\\/uploads\\\/2022\\\/07\\\/trattamenti-15.jpg&quot;},{&quot;id&quot;:2077,&quot;url&quot;:&quot;https:\\\/\\\/www.motridal.com\\\/wp-content\\\/uploads\\\/2022\\\/07\\\/trattamenti-14.jpg&quot;},{&quot;id&quot;:2076,&quot;url&quot;:&quot;https:\\\/\\\/www.motridal.com\\\/wp-content\\\/uploads\\\/2022\\\/07\\\/trattamenti-13.jpg&quot;},{&quot;id&quot;:2075,&quot;url&quot;:&quot;https:\\\/\\\/www.motridal.com\\\/wp-content\\\/uploads\\\/2022\\\/07\\\/trattamenti-12.jpg&quot;},{&quot;id&quot;:2074,&quot;url&quot;:&quot;https:\\\/\\\/www.motridal.com\\\/wp-content\\\/uploads\\\/2022\\\/07\\\/trattamenti-11.jpg&quot;},{&quot;id&quot;:2073,&quot;url&quot;:&quot;https:\\\/\\\/www.motridal.com\\\/wp-content\\\/uploads\\\/2022\\\/07\\\/trattamenti-10.jpg&quot;},{&quot;id&quot;:2072,&quot;url&quot;:&quot;https:\\\/\\\/www.motridal.com\\\/wp-content\\\/uploads\\\/2022\\\/07\\\/trattamenti-9.jpg&quot;},{&quot;id&quot;:2071,&quot;url&quot;:&quot;https:\\\/\\\/www.motridal.com\\\/wp-content\\\/uploads\\\/2022\\\/07\\\/trattamenti-8.jpg&quot;},{&quot;id&quot;:2070,&quot;url&quot;:&quot;https:\\\/\\\/www.motridal.com\\\/wp-content\\\/uploads\\\/2022\\\/07\\\/trattamenti-7.jpg&quot;},{&quot;id&quot;:2069,&quot;url&quot;:&quot;https:\\\/\\\/www.motridal.com\\\/wp-content\\\/uploads\\\/2022\\\/07\\\/trattamenti-6.jpg&quot;},{&quot;id&quot;:2068,&quot;url&quot;:&quot;https:\\\/\\\/www.motridal.com\\\/wp-content\\\/uploads\\\/2022\\\/07\\\/trattamenti-5.jpg&quot;},{&quot;id&quot;:2067,&quot;url&quot;:&quot;https:\\\/\\\/www.motridal.com\\\/wp-content\\\/uploads\\\/2022\\\/07\\\/trattamenti-4.jpg&quot;},{&quot;id&quot;:2066,&quot;url&quot;:&quot;https:\\\/\\\/www.motridal.com\\\/wp-content\\\/uploads\\\/2022\\\/07\\\/trattamenti-3-1.jpg&quot;},{&quot;id&quot;:2065,&quot;url&quot;:&quot;https:\\\/\\\/www.motridal.com\\\/wp-content\\\/uploads\\\/2022\\\/07\\\/trattamenti-2-1.jpg&quot;},{&quot;id&quot;:2064,&quot;url&quot;:&quot;https:\\\/\\\/www.motridal.com\\\/wp-content\\\/uploads\\\/2022\\\/07\\\/trattamenti-1-1.jpg&quot;}],&quot;background_slideshow_slide_duration&quot;:3000,&quot;background_slideshow_transition_duration&quot;:1000,&quot;background_slideshow_ken_burns&quot;:&quot;yes&quot;,&quot;background_slideshow_loop&quot;:&quot;yes&quot;,&quot;background_slideshow_slide_transition&quot;:&quot;fade&quot;,&quot;background_slideshow_ken_burns_zoom_direction&quot;:&quot;in&quot;}\">\n\t\t\t<div class=\"elementor-widget-wrap elementor-element-populated\">\n\t\t\t\t\t\t\t\t<div class=\"elementor-element elementor-element-4d8f936 elementor-widget elementor-widget-spacer\" data-id=\"4d8f936\" data-element_type=\"widget\" data-widget_type=\"spacer.default\">\n\t\t\t\t<div class=\"elementor-widget-container\">\n\t\t\t\t\t<div class=\"elementor-spacer\">\n\t\t\t<div class=\"elementor-spacer-inner\"><\/div>\n\t\t<\/div>\n\t\t\t\t<\/div>\n\t\t\t\t<\/div>\n\t\t\t\t\t<\/div>\n\t\t<\/div>\n\t\t\t\t\t\t\t<\/div>\n\t\t<\/section>\n\t\t\t\t\t\t\t<\/div>\n\t\t","protected":false},"excerpt":{"rendered":"<p>Pour chaque application industrielle, on peut l\u2019appliquer sur une nouvelle pi\u00e8ce pendant la fabrication pour augmenter sa r\u00e9sistance \u00e0 l\u2019usure, ou il peut \u00eatre utilis\u00e9 pour restaurer une surface us\u00e9e.<\/p>\n","protected":false},"author":2,"featured_media":4249,"parent":4340,"menu_order":3,"comment_status":"closed","ping_status":"closed","template":"elementor_header_footer","meta":{"footnotes":""},"categorie_pagine":[43],"yoast_head":"<!-- This site is optimized with the Yoast SEO plugin v21.5 - https:\/\/yoast.com\/wordpress\/plugins\/seo\/ -->\n<title>Recharg\u00e9ment &amp; traitement de surface - MOTRIDAL Vis d\u2019Archim\u00e8de Metalliques. Fabricant de spires embouties<\/title>\n<meta name=\"description\" content=\"Pour chaque application industrielle, on peut l\u2019appliquer sur une nouvelle pi\u00e8ce pendant la fabrication pour augmenter sa r\u00e9sistance \u00e0 l\u2019usure, ou il peut \u00eatre utilis\u00e9 pour restaurer une surface us\u00e9e.\" \/>\n<meta name=\"robots\" content=\"index, follow, max-snippet:-1, max-image-preview:large, max-video-preview:-1\" \/>\n<link rel=\"canonical\" href=\"https:\/\/www.motridal.com\/fr\/accueil-vis-darchimede\/services\/rechargement-traitement-de-surface\/\" \/>\n<meta property=\"og:locale\" content=\"fr_FR\" \/>\n<meta property=\"og:type\" content=\"article\" \/>\n<meta property=\"og:title\" content=\"Recharg\u00e9ment &amp; traitement de surface - MOTRIDAL Vis d\u2019Archim\u00e8de Metalliques. Fabricant de spires embouties\" \/>\n<meta property=\"og:description\" content=\"Pour chaque application industrielle, on peut l\u2019appliquer sur une nouvelle pi\u00e8ce pendant la fabrication pour augmenter sa r\u00e9sistance \u00e0 l\u2019usure, ou il peut \u00eatre utilis\u00e9 pour restaurer une surface us\u00e9e.\" \/>\n<meta property=\"og:url\" content=\"https:\/\/www.motridal.com\/fr\/accueil-vis-darchimede\/services\/rechargement-traitement-de-surface\/\" \/>\n<meta property=\"og:site_name\" content=\"Motridal\" \/>\n<meta property=\"article:modified_time\" content=\"2022-11-10T10:24:33+00:00\" \/>\n<meta property=\"og:image\" content=\"https:\/\/www.motridal.com\/wp-content\/uploads\/2022\/07\/riporti-sfondo-1.jpg\" \/>\n\t<meta property=\"og:image:width\" content=\"1600\" \/>\n\t<meta property=\"og:image:height\" content=\"1000\" \/>\n\t<meta property=\"og:image:type\" content=\"image\/jpeg\" \/>\n<meta name=\"twitter:card\" content=\"summary_large_image\" \/>\n<script type=\"application\/ld+json\" class=\"yoast-schema-graph\">{\"@context\":\"https:\/\/schema.org\",\"@graph\":[{\"@type\":\"WebPage\",\"@id\":\"https:\/\/www.motridal.com\/fr\/accueil-vis-darchimede\/services\/rechargement-traitement-de-surface\/\",\"url\":\"https:\/\/www.motridal.com\/fr\/accueil-vis-darchimede\/services\/rechargement-traitement-de-surface\/\",\"name\":\"Recharg\u00e9ment & traitement de surface - MOTRIDAL Vis d\u2019Archim\u00e8de Metalliques. Fabricant de spires embouties\",\"isPartOf\":{\"@id\":\"https:\/\/www.motridal.com\/fr\/#website\"},\"datePublished\":\"2022-06-23T14:18:18+00:00\",\"dateModified\":\"2022-11-10T10:24:33+00:00\",\"description\":\"Pour chaque application industrielle, on peut l\u2019appliquer sur une nouvelle pi\u00e8ce pendant la fabrication pour augmenter sa r\u00e9sistance \u00e0 l\u2019usure, ou il peut \u00eatre utilis\u00e9 pour restaurer une surface us\u00e9e.\",\"breadcrumb\":{\"@id\":\"https:\/\/www.motridal.com\/fr\/accueil-vis-darchimede\/services\/rechargement-traitement-de-surface\/#breadcrumb\"},\"inLanguage\":\"fr-FR\",\"potentialAction\":[{\"@type\":\"ReadAction\",\"target\":[\"https:\/\/www.motridal.com\/fr\/accueil-vis-darchimede\/services\/rechargement-traitement-de-surface\/\"]}]},{\"@type\":\"BreadcrumbList\",\"@id\":\"https:\/\/www.motridal.com\/fr\/accueil-vis-darchimede\/services\/rechargement-traitement-de-surface\/#breadcrumb\",\"itemListElement\":[{\"@type\":\"ListItem\",\"position\":1,\"name\":\"Home\",\"item\":\"https:\/\/www.motridal.com\/fr\/\"},{\"@type\":\"ListItem\",\"position\":2,\"name\":\"Accueil Vis d\u2019Archimede\",\"item\":\"https:\/\/www.motridal.com\/fr\/accueil-vis-darchimede\/\"},{\"@type\":\"ListItem\",\"position\":3,\"name\":\"Services\",\"item\":\"https:\/\/www.motridal.com\/fr\/accueil-vis-darchimede\/services\/\"},{\"@type\":\"ListItem\",\"position\":4,\"name\":\"Rechargement Dur &amp; Traitement de Surface\"}]},{\"@type\":\"WebSite\",\"@id\":\"https:\/\/www.motridal.com\/fr\/#website\",\"url\":\"https:\/\/www.motridal.com\/fr\/\",\"name\":\"Motridal Spa\",\"description\":\"\",\"publisher\":{\"@id\":\"https:\/\/www.motridal.com\/fr\/#organization\"},\"alternateName\":\"MOTRIDAL\",\"potentialAction\":[{\"@type\":\"SearchAction\",\"target\":{\"@type\":\"EntryPoint\",\"urlTemplate\":\"https:\/\/www.motridal.com\/fr\/?s={search_term_string}\"},\"query-input\":\"required name=search_term_string\"}],\"inLanguage\":\"fr-FR\"},{\"@type\":\"Organization\",\"@id\":\"https:\/\/www.motridal.com\/fr\/#organization\",\"name\":\"Motridal Spa\",\"alternateName\":\"MOTRIDAL\",\"url\":\"https:\/\/www.motridal.com\/fr\/\",\"logo\":{\"@type\":\"ImageObject\",\"inLanguage\":\"fr-FR\",\"@id\":\"https:\/\/www.motridal.com\/fr\/#\/schema\/logo\/image\/\",\"url\":\"https:\/\/www.motridal.com\/wp-content\/uploads\/2022\/06\/logo-motridal-group.png\",\"contentUrl\":\"https:\/\/www.motridal.com\/wp-content\/uploads\/2022\/06\/logo-motridal-group.png\",\"width\":769,\"height\":200,\"caption\":\"Motridal Spa\"},\"image\":{\"@id\":\"https:\/\/www.motridal.com\/fr\/#\/schema\/logo\/image\/\"}}]}<\/script>\n<!-- \/ Yoast SEO plugin. -->","yoast_head_json":{"title":"Recharg\u00e9ment & traitement de surface - MOTRIDAL Vis d\u2019Archim\u00e8de Metalliques. Fabricant de spires embouties","description":"Pour chaque application industrielle, on peut l\u2019appliquer sur une nouvelle pi\u00e8ce pendant la fabrication pour augmenter sa r\u00e9sistance \u00e0 l\u2019usure, ou il peut \u00eatre utilis\u00e9 pour restaurer une surface us\u00e9e.","robots":{"index":"index","follow":"follow","max-snippet":"max-snippet:-1","max-image-preview":"max-image-preview:large","max-video-preview":"max-video-preview:-1"},"canonical":"https:\/\/www.motridal.com\/fr\/accueil-vis-darchimede\/services\/rechargement-traitement-de-surface\/","og_locale":"fr_FR","og_type":"article","og_title":"Recharg\u00e9ment & traitement de surface - MOTRIDAL Vis d\u2019Archim\u00e8de Metalliques. Fabricant de spires embouties","og_description":"Pour chaque application industrielle, on peut l\u2019appliquer sur une nouvelle pi\u00e8ce pendant la fabrication pour augmenter sa r\u00e9sistance \u00e0 l\u2019usure, ou il peut \u00eatre utilis\u00e9 pour restaurer une surface us\u00e9e.","og_url":"https:\/\/www.motridal.com\/fr\/accueil-vis-darchimede\/services\/rechargement-traitement-de-surface\/","og_site_name":"Motridal","article_modified_time":"2022-11-10T10:24:33+00:00","og_image":[{"width":1600,"height":1000,"url":"https:\/\/www.motridal.com\/wp-content\/uploads\/2022\/07\/riporti-sfondo-1.jpg","type":"image\/jpeg"}],"twitter_card":"summary_large_image","schema":{"@context":"https:\/\/schema.org","@graph":[{"@type":"WebPage","@id":"https:\/\/www.motridal.com\/fr\/accueil-vis-darchimede\/services\/rechargement-traitement-de-surface\/","url":"https:\/\/www.motridal.com\/fr\/accueil-vis-darchimede\/services\/rechargement-traitement-de-surface\/","name":"Recharg\u00e9ment & traitement de surface - MOTRIDAL Vis d\u2019Archim\u00e8de Metalliques. Fabricant de spires embouties","isPartOf":{"@id":"https:\/\/www.motridal.com\/fr\/#website"},"datePublished":"2022-06-23T14:18:18+00:00","dateModified":"2022-11-10T10:24:33+00:00","description":"Pour chaque application industrielle, on peut l\u2019appliquer sur une nouvelle pi\u00e8ce pendant la fabrication pour augmenter sa r\u00e9sistance \u00e0 l\u2019usure, ou il peut \u00eatre utilis\u00e9 pour restaurer une surface us\u00e9e.","breadcrumb":{"@id":"https:\/\/www.motridal.com\/fr\/accueil-vis-darchimede\/services\/rechargement-traitement-de-surface\/#breadcrumb"},"inLanguage":"fr-FR","potentialAction":[{"@type":"ReadAction","target":["https:\/\/www.motridal.com\/fr\/accueil-vis-darchimede\/services\/rechargement-traitement-de-surface\/"]}]},{"@type":"BreadcrumbList","@id":"https:\/\/www.motridal.com\/fr\/accueil-vis-darchimede\/services\/rechargement-traitement-de-surface\/#breadcrumb","itemListElement":[{"@type":"ListItem","position":1,"name":"Home","item":"https:\/\/www.motridal.com\/fr\/"},{"@type":"ListItem","position":2,"name":"Accueil Vis d\u2019Archimede","item":"https:\/\/www.motridal.com\/fr\/accueil-vis-darchimede\/"},{"@type":"ListItem","position":3,"name":"Services","item":"https:\/\/www.motridal.com\/fr\/accueil-vis-darchimede\/services\/"},{"@type":"ListItem","position":4,"name":"Rechargement Dur &amp; Traitement de Surface"}]},{"@type":"WebSite","@id":"https:\/\/www.motridal.com\/fr\/#website","url":"https:\/\/www.motridal.com\/fr\/","name":"Motridal Spa","description":"","publisher":{"@id":"https:\/\/www.motridal.com\/fr\/#organization"},"alternateName":"MOTRIDAL","potentialAction":[{"@type":"SearchAction","target":{"@type":"EntryPoint","urlTemplate":"https:\/\/www.motridal.com\/fr\/?s={search_term_string}"},"query-input":"required name=search_term_string"}],"inLanguage":"fr-FR"},{"@type":"Organization","@id":"https:\/\/www.motridal.com\/fr\/#organization","name":"Motridal Spa","alternateName":"MOTRIDAL","url":"https:\/\/www.motridal.com\/fr\/","logo":{"@type":"ImageObject","inLanguage":"fr-FR","@id":"https:\/\/www.motridal.com\/fr\/#\/schema\/logo\/image\/","url":"https:\/\/www.motridal.com\/wp-content\/uploads\/2022\/06\/logo-motridal-group.png","contentUrl":"https:\/\/www.motridal.com\/wp-content\/uploads\/2022\/06\/logo-motridal-group.png","width":769,"height":200,"caption":"Motridal Spa"},"image":{"@id":"https:\/\/www.motridal.com\/fr\/#\/schema\/logo\/image\/"}}]}},"_links":{"self":[{"href":"https:\/\/www.motridal.com\/fr\/wp-json\/wp\/v2\/pages\/4348"}],"collection":[{"href":"https:\/\/www.motridal.com\/fr\/wp-json\/wp\/v2\/pages"}],"about":[{"href":"https:\/\/www.motridal.com\/fr\/wp-json\/wp\/v2\/types\/page"}],"author":[{"embeddable":true,"href":"https:\/\/www.motridal.com\/fr\/wp-json\/wp\/v2\/users\/2"}],"replies":[{"embeddable":true,"href":"https:\/\/www.motridal.com\/fr\/wp-json\/wp\/v2\/comments?post=4348"}],"version-history":[{"count":0,"href":"https:\/\/www.motridal.com\/fr\/wp-json\/wp\/v2\/pages\/4348\/revisions"}],"up":[{"embeddable":true,"href":"https:\/\/www.motridal.com\/fr\/wp-json\/wp\/v2\/pages\/4340"}],"wp:featuredmedia":[{"embeddable":true,"href":"https:\/\/www.motridal.com\/fr\/wp-json\/wp\/v2\/media\/4249"}],"wp:attachment":[{"href":"https:\/\/www.motridal.com\/fr\/wp-json\/wp\/v2\/media?parent=4348"}],"wp:term":[{"taxonomy":"categorie_pagine","embeddable":true,"href":"https:\/\/www.motridal.com\/fr\/wp-json\/wp\/v2\/categorie_pagine?post=4348"}],"curies":[{"name":"wp","href":"https:\/\/api.w.org\/{rel}","templated":true}]}}